{"id":2070,"date":"2023-10-11T11:52:55","date_gmt":"2023-10-11T16:52:55","guid":{"rendered":"https:\/\/fredich.com\/?post_type=product&#038;p=2070"},"modified":"2023-10-11T12:05:44","modified_gmt":"2023-10-11T17:05:44","slug":"membrana-50-litros","status":"publish","type":"product","link":"https:\/\/fredich.com\/index.php\/producto\/membrana-50-litros\/","title":{"rendered":"Membrana 50 Litros"},"content":{"rendered":"<p>La membrana de 50 litros para electrobombas desempe\u00f1a un papel esencial en la acumulaci\u00f3n y regulaci\u00f3n eficiente de la presi\u00f3n del agua en sistemas de esta capacidad. Su funcionamiento continuo asegura un flujo de agua constante y confiable en aplicaciones dom\u00e9sticas, industriales y comerciales.<br \/>\nBrinda una soluci\u00f3n rentable para el reemplazo sin necesidad de adquirir una nueva electrobomba completa. Mantener y sustituir regularmente esta parte crucial es fundamental para asegurar un rendimiento \u00f3ptimo de las electrobombas, prolongando su vida \u00fatil y garantizando un suministro de agua constante y eficiente.<\/p>\n","protected":false},"excerpt":{"rendered":"<p>La membrana de 50 litros para electrobombas desempe\u00f1a un papel esencial en la acumulaci\u00f3n y regulaci\u00f3n eficiente de la presi\u00f3n del agua en sistemas de esta capacidad. Su funcionamiento continuo asegura un flujo de agua constante y confiable en aplicaciones dom\u00e9sticas, industriales y comerciales.<br \/>\nBrinda una soluci\u00f3n rentable para el reemplazo sin necesidad de adquirir una nueva electrobomba completa. Mantener y sustituir regularmente esta parte crucial es fundamental para asegurar un rendimiento \u00f3ptimo de las electrobombas, prolongando su vida \u00fatil y garantizando un suministro de agua constante y eficiente.<\/p>\n","protected":false},"featured_media":2067,"comment_status":"open","ping_status":"closed","template":"","meta":{"site-sidebar-layout":"default","site-content-layout":"","ast-site-content-layout":"default","site-content-style":"default","site-sidebar-style":"default","ast-global-header-display":"","ast-banner-title-visibility":"","ast-main-header-display":"","ast-hfb-above-header-display":"","ast-hfb-below-header-display":"","ast-hfb-mobile-header-display":"","site-post-title":"","ast-breadcrumbs-content":"","ast-featured-img":"","footer-sml-layout":"","theme-transparent-header-meta":"default","adv-header-id-meta":"","stick-header-meta":"","header-above-stick-meta":"","header-main-stick-meta":"","header-below-stick-meta":"","astra-migrate-meta-layouts":"set"},"product_cat":[148,149,150],"product_tag":[],"yoast_head":"<!-- This site is optimized with the Yoast SEO plugin v20.13 - https:\/\/yoast.com\/wordpress\/plugins\/seo\/ -->\n<title>Membrana 50 Litros - fredich<\/title>\n<meta name=\"description\" content=\"La membrana de 50 litros para electrobombas desempe\u00f1a un papel esencial en la acumulaci\u00f3n y regulaci\u00f3n eficiente de la presi\u00f3n del agua en sistemas de esta capacidad. Su funcionamiento continuo asegura un flujo de agua constante y confiable en aplicaciones dom\u00e9sticas, industriales y comerciales.Brinda una soluci\u00f3n rentable para el reemplazo sin necesidad de adquirir una nueva electrobomba completa. Mantener y sustituir regularmente esta parte crucial es fundamental para asegurar un rendimiento \u00f3ptimo de las electrobombas, prolongando su vida \u00fatil y garantizando un suministro de agua constante y eficiente.\" \/>\n<meta name=\"robots\" content=\"index, follow, max-snippet:-1, max-image-preview:large, max-video-preview:-1\" \/>\n<link rel=\"canonical\" href=\"https:\/\/fredich.com\/index.php\/producto\/membrana-50-litros\/\" \/>\n<meta property=\"og:locale\" content=\"es_ES\" \/>\n<meta property=\"og:type\" content=\"article\" \/>\n<meta property=\"og:title\" content=\"Membrana 50 Litros - fredich\" \/>\n<meta property=\"og:description\" content=\"La membrana de 50 litros para electrobombas desempe\u00f1a un papel esencial en la acumulaci\u00f3n y regulaci\u00f3n eficiente de la presi\u00f3n del agua en sistemas de esta capacidad. Su funcionamiento continuo asegura un flujo de agua constante y confiable en aplicaciones dom\u00e9sticas, industriales y comerciales.Brinda una soluci\u00f3n rentable para el reemplazo sin necesidad de adquirir una nueva electrobomba completa. Mantener y sustituir regularmente esta parte crucial es fundamental para asegurar un rendimiento \u00f3ptimo de las electrobombas, prolongando su vida \u00fatil y garantizando un suministro de agua constante y eficiente.\" \/>\n<meta property=\"og:url\" content=\"https:\/\/fredich.com\/index.php\/producto\/membrana-50-litros\/\" \/>\n<meta property=\"og:site_name\" content=\"fredich\" \/>\n<meta property=\"article:modified_time\" content=\"2023-10-11T17:05:44+00:00\" \/>\n<meta property=\"og:image\" content=\"https:\/\/fredich.com\/wp-content\/uploads\/2023\/10\/22.png\" \/>\n\t<meta property=\"og:image:width\" content=\"1200\" \/>\n\t<meta property=\"og:image:height\" content=\"1200\" \/>\n\t<meta property=\"og:image:type\" content=\"image\/png\" \/>\n<meta name=\"twitter:card\" content=\"summary_large_image\" \/>\n<meta name=\"twitter:label1\" content=\"Tiempo de lectura\" \/>\n\t<meta name=\"twitter:data1\" content=\"1 minuto\" \/>\n<script type=\"application\/ld+json\" class=\"yoast-schema-graph\">{\"@context\":\"https:\/\/schema.org\",\"@graph\":[{\"@type\":\"WebPage\",\"@id\":\"https:\/\/fredich.com\/index.php\/producto\/membrana-50-litros\/\",\"url\":\"https:\/\/fredich.com\/index.php\/producto\/membrana-50-litros\/\",\"name\":\"Membrana 50 Litros - fredich\",\"isPartOf\":{\"@id\":\"https:\/\/fredich.com\/#website\"},\"datePublished\":\"2023-10-11T16:52:55+00:00\",\"dateModified\":\"2023-10-11T17:05:44+00:00\",\"description\":\"La membrana de 50 litros para electrobombas desempe\u00f1a un papel esencial en la acumulaci\u00f3n y regulaci\u00f3n eficiente de la presi\u00f3n del agua en sistemas de esta capacidad. Su funcionamiento continuo asegura un flujo de agua constante y confiable en aplicaciones dom\u00e9sticas, industriales y comerciales.Brinda una soluci\u00f3n rentable para el reemplazo sin necesidad de adquirir una nueva electrobomba completa. Mantener y sustituir regularmente esta parte crucial es fundamental para asegurar un rendimiento \u00f3ptimo de las electrobombas, prolongando su vida \u00fatil y garantizando un suministro de agua constante y eficiente.\",\"breadcrumb\":{\"@id\":\"https:\/\/fredich.com\/index.php\/producto\/membrana-50-litros\/#breadcrumb\"},\"inLanguage\":\"es\",\"potentialAction\":[{\"@type\":\"ReadAction\",\"target\":[\"https:\/\/fredich.com\/index.php\/producto\/membrana-50-litros\/\"]}]},{\"@type\":\"BreadcrumbList\",\"@id\":\"https:\/\/fredich.com\/index.php\/producto\/membrana-50-litros\/#breadcrumb\",\"itemListElement\":[{\"@type\":\"ListItem\",\"position\":1,\"name\":\"Portada\",\"item\":\"https:\/\/fredich.com\/\"},{\"@type\":\"ListItem\",\"position\":2,\"name\":\"Tienda\",\"item\":\"https:\/\/fredich.com\/index.php\/tienda\/\"},{\"@type\":\"ListItem\",\"position\":3,\"name\":\"Membrana 50 Litros\"}]},{\"@type\":\"WebSite\",\"@id\":\"https:\/\/fredich.com\/#website\",\"url\":\"https:\/\/fredich.com\/\",\"name\":\"fredich\",\"description\":\"Calidad alemana a tu alcance\",\"publisher\":{\"@id\":\"https:\/\/fredich.com\/#organization\"},\"potentialAction\":[{\"@type\":\"SearchAction\",\"target\":{\"@type\":\"EntryPoint\",\"urlTemplate\":\"https:\/\/fredich.com\/?s={search_term_string}\"},\"query-input\":\"required name=search_term_string\"}],\"inLanguage\":\"es\"},{\"@type\":\"Organization\",\"@id\":\"https:\/\/fredich.com\/#organization\",\"name\":\"fredich\",\"url\":\"https:\/\/fredich.com\/\",\"logo\":{\"@type\":\"ImageObject\",\"inLanguage\":\"es\",\"@id\":\"https:\/\/fredich.com\/#\/schema\/logo\/image\/\",\"url\":\"https:\/\/fredich.com\/wp-content\/uploads\/2023\/09\/cropped-Recurso-1@2x-1.png\",\"contentUrl\":\"https:\/\/fredich.com\/wp-content\/uploads\/2023\/09\/cropped-Recurso-1@2x-1.png\",\"width\":339,\"height\":129,\"caption\":\"fredich\"},\"image\":{\"@id\":\"https:\/\/fredich.com\/#\/schema\/logo\/image\/\"}}]}<\/script>\n<!-- \/ Yoast SEO plugin. -->","yoast_head_json":{"title":"Membrana 50 Litros - fredich","description":"La membrana de 50 litros para electrobombas desempe\u00f1a un papel esencial en la acumulaci\u00f3n y regulaci\u00f3n eficiente de la presi\u00f3n del agua en sistemas de esta capacidad. Su funcionamiento continuo asegura un flujo de agua constante y confiable en aplicaciones dom\u00e9sticas, industriales y comerciales.Brinda una soluci\u00f3n rentable para el reemplazo sin necesidad de adquirir una nueva electrobomba completa. Mantener y sustituir regularmente esta parte crucial es fundamental para asegurar un rendimiento \u00f3ptimo de las electrobombas, prolongando su vida \u00fatil y garantizando un suministro de agua constante y eficiente.","robots":{"index":"index","follow":"follow","max-snippet":"max-snippet:-1","max-image-preview":"max-image-preview:large","max-video-preview":"max-video-preview:-1"},"canonical":"https:\/\/fredich.com\/index.php\/producto\/membrana-50-litros\/","og_locale":"es_ES","og_type":"article","og_title":"Membrana 50 Litros - fredich","og_description":"La membrana de 50 litros para electrobombas desempe\u00f1a un papel esencial en la acumulaci\u00f3n y regulaci\u00f3n eficiente de la presi\u00f3n del agua en sistemas de esta capacidad. Su funcionamiento continuo asegura un flujo de agua constante y confiable en aplicaciones dom\u00e9sticas, industriales y comerciales.Brinda una soluci\u00f3n rentable para el reemplazo sin necesidad de adquirir una nueva electrobomba completa. Mantener y sustituir regularmente esta parte crucial es fundamental para asegurar un rendimiento \u00f3ptimo de las electrobombas, prolongando su vida \u00fatil y garantizando un suministro de agua constante y eficiente.","og_url":"https:\/\/fredich.com\/index.php\/producto\/membrana-50-litros\/","og_site_name":"fredich","article_modified_time":"2023-10-11T17:05:44+00:00","og_image":[{"width":1200,"height":1200,"url":"https:\/\/fredich.com\/wp-content\/uploads\/2023\/10\/22.png","type":"image\/png"}],"twitter_card":"summary_large_image","twitter_misc":{"Tiempo de lectura":"1 minuto"},"schema":{"@context":"https:\/\/schema.org","@graph":[{"@type":"WebPage","@id":"https:\/\/fredich.com\/index.php\/producto\/membrana-50-litros\/","url":"https:\/\/fredich.com\/index.php\/producto\/membrana-50-litros\/","name":"Membrana 50 Litros - fredich","isPartOf":{"@id":"https:\/\/fredich.com\/#website"},"datePublished":"2023-10-11T16:52:55+00:00","dateModified":"2023-10-11T17:05:44+00:00","description":"La membrana de 50 litros para electrobombas desempe\u00f1a un papel esencial en la acumulaci\u00f3n y regulaci\u00f3n eficiente de la presi\u00f3n del agua en sistemas de esta capacidad. Su funcionamiento continuo asegura un flujo de agua constante y confiable en aplicaciones dom\u00e9sticas, industriales y comerciales.Brinda una soluci\u00f3n rentable para el reemplazo sin necesidad de adquirir una nueva electrobomba completa. Mantener y sustituir regularmente esta parte crucial es fundamental para asegurar un rendimiento \u00f3ptimo de las electrobombas, prolongando su vida \u00fatil y garantizando un suministro de agua constante y eficiente.","breadcrumb":{"@id":"https:\/\/fredich.com\/index.php\/producto\/membrana-50-litros\/#breadcrumb"},"inLanguage":"es","potentialAction":[{"@type":"ReadAction","target":["https:\/\/fredich.com\/index.php\/producto\/membrana-50-litros\/"]}]},{"@type":"BreadcrumbList","@id":"https:\/\/fredich.com\/index.php\/producto\/membrana-50-litros\/#breadcrumb","itemListElement":[{"@type":"ListItem","position":1,"name":"Portada","item":"https:\/\/fredich.com\/"},{"@type":"ListItem","position":2,"name":"Tienda","item":"https:\/\/fredich.com\/index.php\/tienda\/"},{"@type":"ListItem","position":3,"name":"Membrana 50 Litros"}]},{"@type":"WebSite","@id":"https:\/\/fredich.com\/#website","url":"https:\/\/fredich.com\/","name":"fredich","description":"Calidad alemana a tu alcance","publisher":{"@id":"https:\/\/fredich.com\/#organization"},"potentialAction":[{"@type":"SearchAction","target":{"@type":"EntryPoint","urlTemplate":"https:\/\/fredich.com\/?s={search_term_string}"},"query-input":"required name=search_term_string"}],"inLanguage":"es"},{"@type":"Organization","@id":"https:\/\/fredich.com\/#organization","name":"fredich","url":"https:\/\/fredich.com\/","logo":{"@type":"ImageObject","inLanguage":"es","@id":"https:\/\/fredich.com\/#\/schema\/logo\/image\/","url":"https:\/\/fredich.com\/wp-content\/uploads\/2023\/09\/cropped-Recurso-1@2x-1.png","contentUrl":"https:\/\/fredich.com\/wp-content\/uploads\/2023\/09\/cropped-Recurso-1@2x-1.png","width":339,"height":129,"caption":"fredich"},"image":{"@id":"https:\/\/fredich.com\/#\/schema\/logo\/image\/"}}]}},"_links":{"self":[{"href":"https:\/\/fredich.com\/index.php\/wp-json\/wp\/v2\/product\/2070"}],"collection":[{"href":"https:\/\/fredich.com\/index.php\/wp-json\/wp\/v2\/product"}],"about":[{"href":"https:\/\/fredich.com\/index.php\/wp-json\/wp\/v2\/types\/product"}],"replies":[{"embeddable":true,"href":"https:\/\/fredich.com\/index.php\/wp-json\/wp\/v2\/comments?post=2070"}],"version-history":[{"count":1,"href":"https:\/\/fredich.com\/index.php\/wp-json\/wp\/v2\/product\/2070\/revisions"}],"predecessor-version":[{"id":2071,"href":"https:\/\/fredich.com\/index.php\/wp-json\/wp\/v2\/product\/2070\/revisions\/2071"}],"wp:featuredmedia":[{"embeddable":true,"href":"https:\/\/fredich.com\/index.php\/wp-json\/wp\/v2\/media\/2067"}],"wp:attachment":[{"href":"https:\/\/fredich.com\/index.php\/wp-json\/wp\/v2\/media?parent=2070"}],"wp:term":[{"taxonomy":"product_cat","embeddable":true,"href":"https:\/\/fredich.com\/index.php\/wp-json\/wp\/v2\/product_cat?post=2070"},{"taxonomy":"product_tag","embeddable":true,"href":"https:\/\/fredich.com\/index.php\/wp-json\/wp\/v2\/product_tag?post=2070"}],"curies":[{"name":"wp","href":"https:\/\/api.w.org\/{rel}","templated":true}]}}