{"id":2079,"date":"2023-10-11T12:37:20","date_gmt":"2023-10-11T17:37:20","guid":{"rendered":"https:\/\/fredich.com\/?post_type=product&#038;p=2079"},"modified":"2023-10-16T16:09:00","modified_gmt":"2023-10-16T21:09:00","slug":"valvula-de-5-vias","status":"publish","type":"product","link":"https:\/\/fredich.com\/index.php\/producto\/valvula-de-5-vias\/","title":{"rendered":"V\u00e1lvula de 5 V\u00edas"},"content":{"rendered":"<p>Esta vers\u00e1til v\u00e1lvula de 5 v\u00edas en bronce es una soluci\u00f3n esencial tanto para aplicaciones de jardiner\u00eda como para uso industrial. Su dise\u00f1o \u00fanico permite la creaci\u00f3n de un punto central de abastecimiento de agua, ofreciendo hasta 5 canales independientes para conectar mangueras y grifos adicionales.<\/p>\n<p>Lo destacado de esta v\u00e1lvula es su sistema de acople con rosca en todas sus salidas y entradas, lo que garantiza un ensamblaje seguro sin necesidad de recurrir a costosas soldaduras. Este dise\u00f1o permite una instalaci\u00f3n sencilla y una adaptabilidad excepcional en diversas configuraciones.<\/p>\n","protected":false},"excerpt":{"rendered":"<p>Esta vers\u00e1til v\u00e1lvula de 5 v\u00edas en bronce es una soluci\u00f3n esencial tanto para aplicaciones de jardiner\u00eda como para uso industrial. Su dise\u00f1o \u00fanico permite la creaci\u00f3n de un punto central de abastecimiento de agua, ofreciendo hasta 5 canales independientes para conectar mangueras y grifos adicionales.<\/p>\n<p>Lo destacado de esta v\u00e1lvula es su sistema de acople con rosca en todas sus salidas y entradas, lo que garantiza un ensamblaje seguro sin necesidad de recurrir a costosas soldaduras. Este dise\u00f1o permite una instalaci\u00f3n sencilla y una adaptabilidad excepcional en diversas configuraciones.<\/p>\n","protected":false},"featured_media":2080,"comment_status":"open","ping_status":"closed","template":"","meta":{"site-sidebar-layout":"default","site-content-layout":"","ast-site-content-layout":"default","site-content-style":"default","site-sidebar-style":"default","ast-global-header-display":"","ast-banner-title-visibility":"","ast-main-header-display":"","ast-hfb-above-header-display":"","ast-hfb-below-header-display":"","ast-hfb-mobile-header-display":"","site-post-title":"","ast-breadcrumbs-content":"","ast-featured-img":"","footer-sml-layout":"","theme-transparent-header-meta":"default","adv-header-id-meta":"","stick-header-meta":"","header-above-stick-meta":"","header-main-stick-meta":"","header-below-stick-meta":"","astra-migrate-meta-layouts":"set"},"product_cat":[39,148,54,149,64,150,20],"product_tag":[],"yoast_head":"<!-- This site is optimized with the Yoast SEO plugin v20.13 - https:\/\/yoast.com\/wordpress\/plugins\/seo\/ -->\n<title>V\u00e1lvula de 5 V\u00edas - fredich<\/title>\n<meta name=\"description\" content=\"Esta vers\u00e1til v\u00e1lvula de 5 v\u00edas en bronce es una soluci\u00f3n esencial tanto para aplicaciones de jardiner\u00eda como para uso industrial. Su dise\u00f1o \u00fanico permite la creaci\u00f3n de un punto central de abastecimiento de agua, ofreciendo hasta 5 canales independientes para conectar mangueras y grifos adicionales.Lo destacado de esta v\u00e1lvula es su sistema de acople con rosca en todas sus salidas y entradas, lo que garantiza un ensamblaje seguro sin necesidad de recurrir a costosas soldaduras. Este dise\u00f1o permite una instalaci\u00f3n sencilla y una adaptabilidad excepcional en diversas configuraciones.\" \/>\n<meta name=\"robots\" content=\"index, follow, max-snippet:-1, max-image-preview:large, max-video-preview:-1\" \/>\n<link rel=\"canonical\" href=\"https:\/\/fredich.com\/index.php\/producto\/valvula-de-5-vias\/\" \/>\n<meta property=\"og:locale\" content=\"es_ES\" \/>\n<meta property=\"og:type\" content=\"article\" \/>\n<meta property=\"og:title\" content=\"V\u00e1lvula de 5 V\u00edas - fredich\" \/>\n<meta property=\"og:description\" content=\"Esta vers\u00e1til v\u00e1lvula de 5 v\u00edas en bronce es una soluci\u00f3n esencial tanto para aplicaciones de jardiner\u00eda como para uso industrial. Su dise\u00f1o \u00fanico permite la creaci\u00f3n de un punto central de abastecimiento de agua, ofreciendo hasta 5 canales independientes para conectar mangueras y grifos adicionales.Lo destacado de esta v\u00e1lvula es su sistema de acople con rosca en todas sus salidas y entradas, lo que garantiza un ensamblaje seguro sin necesidad de recurrir a costosas soldaduras. Este dise\u00f1o permite una instalaci\u00f3n sencilla y una adaptabilidad excepcional en diversas configuraciones.\" \/>\n<meta property=\"og:url\" content=\"https:\/\/fredich.com\/index.php\/producto\/valvula-de-5-vias\/\" \/>\n<meta property=\"og:site_name\" content=\"fredich\" \/>\n<meta property=\"article:modified_time\" content=\"2023-10-16T21:09:00+00:00\" \/>\n<meta property=\"og:image\" content=\"https:\/\/fredich.com\/wp-content\/uploads\/2023\/10\/25.png\" \/>\n\t<meta property=\"og:image:width\" content=\"1200\" \/>\n\t<meta property=\"og:image:height\" content=\"1200\" \/>\n\t<meta property=\"og:image:type\" content=\"image\/png\" \/>\n<meta name=\"twitter:card\" content=\"summary_large_image\" \/>\n<meta name=\"twitter:label1\" content=\"Tiempo de lectura\" \/>\n\t<meta name=\"twitter:data1\" content=\"1 minuto\" \/>\n<script type=\"application\/ld+json\" class=\"yoast-schema-graph\">{\"@context\":\"https:\/\/schema.org\",\"@graph\":[{\"@type\":\"WebPage\",\"@id\":\"https:\/\/fredich.com\/index.php\/producto\/valvula-de-5-vias\/\",\"url\":\"https:\/\/fredich.com\/index.php\/producto\/valvula-de-5-vias\/\",\"name\":\"V\u00e1lvula de 5 V\u00edas - fredich\",\"isPartOf\":{\"@id\":\"https:\/\/fredich.com\/#website\"},\"datePublished\":\"2023-10-11T17:37:20+00:00\",\"dateModified\":\"2023-10-16T21:09:00+00:00\",\"description\":\"Esta vers\u00e1til v\u00e1lvula de 5 v\u00edas en bronce es una soluci\u00f3n esencial tanto para aplicaciones de jardiner\u00eda como para uso industrial. Su dise\u00f1o \u00fanico permite la creaci\u00f3n de un punto central de abastecimiento de agua, ofreciendo hasta 5 canales independientes para conectar mangueras y grifos adicionales.Lo destacado de esta v\u00e1lvula es su sistema de acople con rosca en todas sus salidas y entradas, lo que garantiza un ensamblaje seguro sin necesidad de recurrir a costosas soldaduras. Este dise\u00f1o permite una instalaci\u00f3n sencilla y una adaptabilidad excepcional en diversas configuraciones.\",\"breadcrumb\":{\"@id\":\"https:\/\/fredich.com\/index.php\/producto\/valvula-de-5-vias\/#breadcrumb\"},\"inLanguage\":\"es\",\"potentialAction\":[{\"@type\":\"ReadAction\",\"target\":[\"https:\/\/fredich.com\/index.php\/producto\/valvula-de-5-vias\/\"]}]},{\"@type\":\"BreadcrumbList\",\"@id\":\"https:\/\/fredich.com\/index.php\/producto\/valvula-de-5-vias\/#breadcrumb\",\"itemListElement\":[{\"@type\":\"ListItem\",\"position\":1,\"name\":\"Portada\",\"item\":\"https:\/\/fredich.com\/\"},{\"@type\":\"ListItem\",\"position\":2,\"name\":\"Tienda\",\"item\":\"https:\/\/fredich.com\/index.php\/tienda\/\"},{\"@type\":\"ListItem\",\"position\":3,\"name\":\"V\u00e1lvula de 5 V\u00edas\"}]},{\"@type\":\"WebSite\",\"@id\":\"https:\/\/fredich.com\/#website\",\"url\":\"https:\/\/fredich.com\/\",\"name\":\"fredich\",\"description\":\"Calidad alemana a tu alcance\",\"publisher\":{\"@id\":\"https:\/\/fredich.com\/#organization\"},\"potentialAction\":[{\"@type\":\"SearchAction\",\"target\":{\"@type\":\"EntryPoint\",\"urlTemplate\":\"https:\/\/fredich.com\/?s={search_term_string}\"},\"query-input\":\"required name=search_term_string\"}],\"inLanguage\":\"es\"},{\"@type\":\"Organization\",\"@id\":\"https:\/\/fredich.com\/#organization\",\"name\":\"fredich\",\"url\":\"https:\/\/fredich.com\/\",\"logo\":{\"@type\":\"ImageObject\",\"inLanguage\":\"es\",\"@id\":\"https:\/\/fredich.com\/#\/schema\/logo\/image\/\",\"url\":\"https:\/\/fredich.com\/wp-content\/uploads\/2023\/09\/cropped-Recurso-1@2x-1.png\",\"contentUrl\":\"https:\/\/fredich.com\/wp-content\/uploads\/2023\/09\/cropped-Recurso-1@2x-1.png\",\"width\":339,\"height\":129,\"caption\":\"fredich\"},\"image\":{\"@id\":\"https:\/\/fredich.com\/#\/schema\/logo\/image\/\"}}]}<\/script>\n<!-- \/ Yoast SEO plugin. -->","yoast_head_json":{"title":"V\u00e1lvula de 5 V\u00edas - fredich","description":"Esta vers\u00e1til v\u00e1lvula de 5 v\u00edas en bronce es una soluci\u00f3n esencial tanto para aplicaciones de jardiner\u00eda como para uso industrial. Su dise\u00f1o \u00fanico permite la creaci\u00f3n de un punto central de abastecimiento de agua, ofreciendo hasta 5 canales independientes para conectar mangueras y grifos adicionales.Lo destacado de esta v\u00e1lvula es su sistema de acople con rosca en todas sus salidas y entradas, lo que garantiza un ensamblaje seguro sin necesidad de recurrir a costosas soldaduras. Este dise\u00f1o permite una instalaci\u00f3n sencilla y una adaptabilidad excepcional en diversas configuraciones.","robots":{"index":"index","follow":"follow","max-snippet":"max-snippet:-1","max-image-preview":"max-image-preview:large","max-video-preview":"max-video-preview:-1"},"canonical":"https:\/\/fredich.com\/index.php\/producto\/valvula-de-5-vias\/","og_locale":"es_ES","og_type":"article","og_title":"V\u00e1lvula de 5 V\u00edas - fredich","og_description":"Esta vers\u00e1til v\u00e1lvula de 5 v\u00edas en bronce es una soluci\u00f3n esencial tanto para aplicaciones de jardiner\u00eda como para uso industrial. Su dise\u00f1o \u00fanico permite la creaci\u00f3n de un punto central de abastecimiento de agua, ofreciendo hasta 5 canales independientes para conectar mangueras y grifos adicionales.Lo destacado de esta v\u00e1lvula es su sistema de acople con rosca en todas sus salidas y entradas, lo que garantiza un ensamblaje seguro sin necesidad de recurrir a costosas soldaduras. Este dise\u00f1o permite una instalaci\u00f3n sencilla y una adaptabilidad excepcional en diversas configuraciones.","og_url":"https:\/\/fredich.com\/index.php\/producto\/valvula-de-5-vias\/","og_site_name":"fredich","article_modified_time":"2023-10-16T21:09:00+00:00","og_image":[{"width":1200,"height":1200,"url":"https:\/\/fredich.com\/wp-content\/uploads\/2023\/10\/25.png","type":"image\/png"}],"twitter_card":"summary_large_image","twitter_misc":{"Tiempo de lectura":"1 minuto"},"schema":{"@context":"https:\/\/schema.org","@graph":[{"@type":"WebPage","@id":"https:\/\/fredich.com\/index.php\/producto\/valvula-de-5-vias\/","url":"https:\/\/fredich.com\/index.php\/producto\/valvula-de-5-vias\/","name":"V\u00e1lvula de 5 V\u00edas - fredich","isPartOf":{"@id":"https:\/\/fredich.com\/#website"},"datePublished":"2023-10-11T17:37:20+00:00","dateModified":"2023-10-16T21:09:00+00:00","description":"Esta vers\u00e1til v\u00e1lvula de 5 v\u00edas en bronce es una soluci\u00f3n esencial tanto para aplicaciones de jardiner\u00eda como para uso industrial. Su dise\u00f1o \u00fanico permite la creaci\u00f3n de un punto central de abastecimiento de agua, ofreciendo hasta 5 canales independientes para conectar mangueras y grifos adicionales.Lo destacado de esta v\u00e1lvula es su sistema de acople con rosca en todas sus salidas y entradas, lo que garantiza un ensamblaje seguro sin necesidad de recurrir a costosas soldaduras. Este dise\u00f1o permite una instalaci\u00f3n sencilla y una adaptabilidad excepcional en diversas configuraciones.","breadcrumb":{"@id":"https:\/\/fredich.com\/index.php\/producto\/valvula-de-5-vias\/#breadcrumb"},"inLanguage":"es","potentialAction":[{"@type":"ReadAction","target":["https:\/\/fredich.com\/index.php\/producto\/valvula-de-5-vias\/"]}]},{"@type":"BreadcrumbList","@id":"https:\/\/fredich.com\/index.php\/producto\/valvula-de-5-vias\/#breadcrumb","itemListElement":[{"@type":"ListItem","position":1,"name":"Portada","item":"https:\/\/fredich.com\/"},{"@type":"ListItem","position":2,"name":"Tienda","item":"https:\/\/fredich.com\/index.php\/tienda\/"},{"@type":"ListItem","position":3,"name":"V\u00e1lvula de 5 V\u00edas"}]},{"@type":"WebSite","@id":"https:\/\/fredich.com\/#website","url":"https:\/\/fredich.com\/","name":"fredich","description":"Calidad alemana a tu alcance","publisher":{"@id":"https:\/\/fredich.com\/#organization"},"potentialAction":[{"@type":"SearchAction","target":{"@type":"EntryPoint","urlTemplate":"https:\/\/fredich.com\/?s={search_term_string}"},"query-input":"required name=search_term_string"}],"inLanguage":"es"},{"@type":"Organization","@id":"https:\/\/fredich.com\/#organization","name":"fredich","url":"https:\/\/fredich.com\/","logo":{"@type":"ImageObject","inLanguage":"es","@id":"https:\/\/fredich.com\/#\/schema\/logo\/image\/","url":"https:\/\/fredich.com\/wp-content\/uploads\/2023\/09\/cropped-Recurso-1@2x-1.png","contentUrl":"https:\/\/fredich.com\/wp-content\/uploads\/2023\/09\/cropped-Recurso-1@2x-1.png","width":339,"height":129,"caption":"fredich"},"image":{"@id":"https:\/\/fredich.com\/#\/schema\/logo\/image\/"}}]}},"_links":{"self":[{"href":"https:\/\/fredich.com\/index.php\/wp-json\/wp\/v2\/product\/2079"}],"collection":[{"href":"https:\/\/fredich.com\/index.php\/wp-json\/wp\/v2\/product"}],"about":[{"href":"https:\/\/fredich.com\/index.php\/wp-json\/wp\/v2\/types\/product"}],"replies":[{"embeddable":true,"href":"https:\/\/fredich.com\/index.php\/wp-json\/wp\/v2\/comments?post=2079"}],"version-history":[{"count":1,"href":"https:\/\/fredich.com\/index.php\/wp-json\/wp\/v2\/product\/2079\/revisions"}],"predecessor-version":[{"id":2081,"href":"https:\/\/fredich.com\/index.php\/wp-json\/wp\/v2\/product\/2079\/revisions\/2081"}],"wp:featuredmedia":[{"embeddable":true,"href":"https:\/\/fredich.com\/index.php\/wp-json\/wp\/v2\/media\/2080"}],"wp:attachment":[{"href":"https:\/\/fredich.com\/index.php\/wp-json\/wp\/v2\/media?parent=2079"}],"wp:term":[{"taxonomy":"product_cat","embeddable":true,"href":"https:\/\/fredich.com\/index.php\/wp-json\/wp\/v2\/product_cat?post=2079"},{"taxonomy":"product_tag","embeddable":true,"href":"https:\/\/fredich.com\/index.php\/wp-json\/wp\/v2\/product_tag?post=2079"}],"curies":[{"name":"wp","href":"https:\/\/api.w.org\/{rel}","templated":true}]}}