{"id":2082,"date":"2023-10-11T14:37:18","date_gmt":"2023-10-11T19:37:18","guid":{"rendered":"https:\/\/fredich.com\/?post_type=product&#038;p=2082"},"modified":"2023-10-11T15:33:35","modified_gmt":"2023-10-11T20:33:35","slug":"manguera-de-abasto-de-100-cm","status":"publish","type":"product","link":"https:\/\/fredich.com\/index.php\/producto\/manguera-de-abasto-de-100-cm\/","title":{"rendered":"Manguera de Abasto de 100 cm"},"content":{"rendered":"<p>Esta manguera de abasto, con una longitud de 100 cm, es un componente esencial para el suministro de agua, tanto fr\u00eda como caliente. Su dise\u00f1o flexible y vers\u00e1til permite una amplia gama de aplicaciones en el hogar y en entornos industriales.<\/p>\n<p>La caracter\u00edstica destacada de esta manguera es su empaque c\u00f3nico, que garantiza un sello de cierre seguro, evitando fugas y asegurando un flujo de agua constante. Adem\u00e1s, cuenta con prensas met\u00e1licas en sus terminales para resistir altas presiones, lo que la convierte en una opci\u00f3n robusta y confiable para aplicaciones que requieren un manejo de agua bajo condiciones de presi\u00f3n extrema.<\/p>\n","protected":false},"excerpt":{"rendered":"<p>Esta manguera de abasto, con una longitud de 100 cm, es un componente esencial para el suministro de agua, tanto fr\u00eda como caliente. Su dise\u00f1o flexible y vers\u00e1til permite una amplia gama de aplicaciones en el hogar y en entornos industriales.<\/p>\n<p>La caracter\u00edstica destacada de esta manguera es su empaque c\u00f3nico, que garantiza un sello de cierre seguro, evitando fugas y asegurando un flujo de agua constante. Adem\u00e1s, cuenta con prensas met\u00e1licas en sus terminales para resistir altas presiones, lo que la convierte en una opci\u00f3n robusta y confiable para aplicaciones que requieren un manejo de agua bajo condiciones de presi\u00f3n extrema.<\/p>\n","protected":false},"featured_media":2083,"comment_status":"open","ping_status":"closed","template":"","meta":{"site-sidebar-layout":"default","site-content-layout":"","ast-site-content-layout":"default","site-content-style":"default","site-sidebar-style":"default","ast-global-header-display":"","ast-banner-title-visibility":"","ast-main-header-display":"","ast-hfb-above-header-display":"","ast-hfb-below-header-display":"","ast-hfb-mobile-header-display":"","site-post-title":"","ast-breadcrumbs-content":"","ast-featured-img":"","footer-sml-layout":"","theme-transparent-header-meta":"default","adv-header-id-meta":"","stick-header-meta":"","header-above-stick-meta":"","header-main-stick-meta":"","header-below-stick-meta":"","astra-migrate-meta-layouts":"set"},"product_cat":[39,148,54,149,64,150],"product_tag":[],"yoast_head":"<!-- This site is optimized with the Yoast SEO plugin v20.13 - https:\/\/yoast.com\/wordpress\/plugins\/seo\/ -->\n<title>Manguera de Abasto de 100 cm - fredich<\/title>\n<meta name=\"description\" content=\"Esta manguera de abasto, con una longitud de 100 cm, es un componente esencial para el suministro de agua, tanto fr\u00eda como caliente. Su dise\u00f1o flexible y vers\u00e1til permite una amplia gama de aplicaciones en el hogar y en entornos industriales.La caracter\u00edstica destacada de esta manguera es su empaque c\u00f3nico, que garantiza un sello de cierre seguro, evitando fugas y asegurando un flujo de agua constante. Adem\u00e1s, cuenta con prensas met\u00e1licas en sus terminales para resistir altas presiones, lo que la convierte en una opci\u00f3n robusta y confiable para aplicaciones que requieren un manejo de agua bajo condiciones de presi\u00f3n extrema.\" \/>\n<meta name=\"robots\" content=\"index, follow, max-snippet:-1, max-image-preview:large, max-video-preview:-1\" \/>\n<link rel=\"canonical\" href=\"https:\/\/fredich.com\/index.php\/producto\/manguera-de-abasto-de-100-cm\/\" \/>\n<meta property=\"og:locale\" content=\"es_ES\" \/>\n<meta property=\"og:type\" content=\"article\" \/>\n<meta property=\"og:title\" content=\"Manguera de Abasto de 100 cm - fredich\" \/>\n<meta property=\"og:description\" content=\"Esta manguera de abasto, con una longitud de 100 cm, es un componente esencial para el suministro de agua, tanto fr\u00eda como caliente. Su dise\u00f1o flexible y vers\u00e1til permite una amplia gama de aplicaciones en el hogar y en entornos industriales.La caracter\u00edstica destacada de esta manguera es su empaque c\u00f3nico, que garantiza un sello de cierre seguro, evitando fugas y asegurando un flujo de agua constante. Adem\u00e1s, cuenta con prensas met\u00e1licas en sus terminales para resistir altas presiones, lo que la convierte en una opci\u00f3n robusta y confiable para aplicaciones que requieren un manejo de agua bajo condiciones de presi\u00f3n extrema.\" \/>\n<meta property=\"og:url\" content=\"https:\/\/fredich.com\/index.php\/producto\/manguera-de-abasto-de-100-cm\/\" \/>\n<meta property=\"og:site_name\" content=\"fredich\" \/>\n<meta property=\"article:modified_time\" content=\"2023-10-11T20:33:35+00:00\" \/>\n<meta property=\"og:image\" content=\"https:\/\/fredich.com\/wp-content\/uploads\/2023\/10\/26.png\" \/>\n\t<meta property=\"og:image:width\" content=\"1200\" \/>\n\t<meta property=\"og:image:height\" content=\"1200\" \/>\n\t<meta property=\"og:image:type\" content=\"image\/png\" \/>\n<meta name=\"twitter:card\" content=\"summary_large_image\" \/>\n<meta name=\"twitter:label1\" content=\"Tiempo de lectura\" \/>\n\t<meta name=\"twitter:data1\" content=\"1 minuto\" \/>\n<script type=\"application\/ld+json\" class=\"yoast-schema-graph\">{\"@context\":\"https:\/\/schema.org\",\"@graph\":[{\"@type\":\"WebPage\",\"@id\":\"https:\/\/fredich.com\/index.php\/producto\/manguera-de-abasto-de-100-cm\/\",\"url\":\"https:\/\/fredich.com\/index.php\/producto\/manguera-de-abasto-de-100-cm\/\",\"name\":\"Manguera de Abasto de 100 cm - fredich\",\"isPartOf\":{\"@id\":\"https:\/\/fredich.com\/#website\"},\"datePublished\":\"2023-10-11T19:37:18+00:00\",\"dateModified\":\"2023-10-11T20:33:35+00:00\",\"description\":\"Esta manguera de abasto, con una longitud de 100 cm, es un componente esencial para el suministro de agua, tanto fr\u00eda como caliente. Su dise\u00f1o flexible y vers\u00e1til permite una amplia gama de aplicaciones en el hogar y en entornos industriales.La caracter\u00edstica destacada de esta manguera es su empaque c\u00f3nico, que garantiza un sello de cierre seguro, evitando fugas y asegurando un flujo de agua constante. Adem\u00e1s, cuenta con prensas met\u00e1licas en sus terminales para resistir altas presiones, lo que la convierte en una opci\u00f3n robusta y confiable para aplicaciones que requieren un manejo de agua bajo condiciones de presi\u00f3n extrema.\",\"breadcrumb\":{\"@id\":\"https:\/\/fredich.com\/index.php\/producto\/manguera-de-abasto-de-100-cm\/#breadcrumb\"},\"inLanguage\":\"es\",\"potentialAction\":[{\"@type\":\"ReadAction\",\"target\":[\"https:\/\/fredich.com\/index.php\/producto\/manguera-de-abasto-de-100-cm\/\"]}]},{\"@type\":\"BreadcrumbList\",\"@id\":\"https:\/\/fredich.com\/index.php\/producto\/manguera-de-abasto-de-100-cm\/#breadcrumb\",\"itemListElement\":[{\"@type\":\"ListItem\",\"position\":1,\"name\":\"Portada\",\"item\":\"https:\/\/fredich.com\/\"},{\"@type\":\"ListItem\",\"position\":2,\"name\":\"Tienda\",\"item\":\"https:\/\/fredich.com\/index.php\/tienda\/\"},{\"@type\":\"ListItem\",\"position\":3,\"name\":\"Manguera de Abasto de 100 cm\"}]},{\"@type\":\"WebSite\",\"@id\":\"https:\/\/fredich.com\/#website\",\"url\":\"https:\/\/fredich.com\/\",\"name\":\"fredich\",\"description\":\"Calidad alemana a tu alcance\",\"publisher\":{\"@id\":\"https:\/\/fredich.com\/#organization\"},\"potentialAction\":[{\"@type\":\"SearchAction\",\"target\":{\"@type\":\"EntryPoint\",\"urlTemplate\":\"https:\/\/fredich.com\/?s={search_term_string}\"},\"query-input\":\"required name=search_term_string\"}],\"inLanguage\":\"es\"},{\"@type\":\"Organization\",\"@id\":\"https:\/\/fredich.com\/#organization\",\"name\":\"fredich\",\"url\":\"https:\/\/fredich.com\/\",\"logo\":{\"@type\":\"ImageObject\",\"inLanguage\":\"es\",\"@id\":\"https:\/\/fredich.com\/#\/schema\/logo\/image\/\",\"url\":\"https:\/\/fredich.com\/wp-content\/uploads\/2023\/09\/cropped-Recurso-1@2x-1.png\",\"contentUrl\":\"https:\/\/fredich.com\/wp-content\/uploads\/2023\/09\/cropped-Recurso-1@2x-1.png\",\"width\":339,\"height\":129,\"caption\":\"fredich\"},\"image\":{\"@id\":\"https:\/\/fredich.com\/#\/schema\/logo\/image\/\"}}]}<\/script>\n<!-- \/ Yoast SEO plugin. -->","yoast_head_json":{"title":"Manguera de Abasto de 100 cm - fredich","description":"Esta manguera de abasto, con una longitud de 100 cm, es un componente esencial para el suministro de agua, tanto fr\u00eda como caliente. Su dise\u00f1o flexible y vers\u00e1til permite una amplia gama de aplicaciones en el hogar y en entornos industriales.La caracter\u00edstica destacada de esta manguera es su empaque c\u00f3nico, que garantiza un sello de cierre seguro, evitando fugas y asegurando un flujo de agua constante. Adem\u00e1s, cuenta con prensas met\u00e1licas en sus terminales para resistir altas presiones, lo que la convierte en una opci\u00f3n robusta y confiable para aplicaciones que requieren un manejo de agua bajo condiciones de presi\u00f3n extrema.","robots":{"index":"index","follow":"follow","max-snippet":"max-snippet:-1","max-image-preview":"max-image-preview:large","max-video-preview":"max-video-preview:-1"},"canonical":"https:\/\/fredich.com\/index.php\/producto\/manguera-de-abasto-de-100-cm\/","og_locale":"es_ES","og_type":"article","og_title":"Manguera de Abasto de 100 cm - fredich","og_description":"Esta manguera de abasto, con una longitud de 100 cm, es un componente esencial para el suministro de agua, tanto fr\u00eda como caliente. Su dise\u00f1o flexible y vers\u00e1til permite una amplia gama de aplicaciones en el hogar y en entornos industriales.La caracter\u00edstica destacada de esta manguera es su empaque c\u00f3nico, que garantiza un sello de cierre seguro, evitando fugas y asegurando un flujo de agua constante. Adem\u00e1s, cuenta con prensas met\u00e1licas en sus terminales para resistir altas presiones, lo que la convierte en una opci\u00f3n robusta y confiable para aplicaciones que requieren un manejo de agua bajo condiciones de presi\u00f3n extrema.","og_url":"https:\/\/fredich.com\/index.php\/producto\/manguera-de-abasto-de-100-cm\/","og_site_name":"fredich","article_modified_time":"2023-10-11T20:33:35+00:00","og_image":[{"width":1200,"height":1200,"url":"https:\/\/fredich.com\/wp-content\/uploads\/2023\/10\/26.png","type":"image\/png"}],"twitter_card":"summary_large_image","twitter_misc":{"Tiempo de lectura":"1 minuto"},"schema":{"@context":"https:\/\/schema.org","@graph":[{"@type":"WebPage","@id":"https:\/\/fredich.com\/index.php\/producto\/manguera-de-abasto-de-100-cm\/","url":"https:\/\/fredich.com\/index.php\/producto\/manguera-de-abasto-de-100-cm\/","name":"Manguera de Abasto de 100 cm - fredich","isPartOf":{"@id":"https:\/\/fredich.com\/#website"},"datePublished":"2023-10-11T19:37:18+00:00","dateModified":"2023-10-11T20:33:35+00:00","description":"Esta manguera de abasto, con una longitud de 100 cm, es un componente esencial para el suministro de agua, tanto fr\u00eda como caliente. Su dise\u00f1o flexible y vers\u00e1til permite una amplia gama de aplicaciones en el hogar y en entornos industriales.La caracter\u00edstica destacada de esta manguera es su empaque c\u00f3nico, que garantiza un sello de cierre seguro, evitando fugas y asegurando un flujo de agua constante. Adem\u00e1s, cuenta con prensas met\u00e1licas en sus terminales para resistir altas presiones, lo que la convierte en una opci\u00f3n robusta y confiable para aplicaciones que requieren un manejo de agua bajo condiciones de presi\u00f3n extrema.","breadcrumb":{"@id":"https:\/\/fredich.com\/index.php\/producto\/manguera-de-abasto-de-100-cm\/#breadcrumb"},"inLanguage":"es","potentialAction":[{"@type":"ReadAction","target":["https:\/\/fredich.com\/index.php\/producto\/manguera-de-abasto-de-100-cm\/"]}]},{"@type":"BreadcrumbList","@id":"https:\/\/fredich.com\/index.php\/producto\/manguera-de-abasto-de-100-cm\/#breadcrumb","itemListElement":[{"@type":"ListItem","position":1,"name":"Portada","item":"https:\/\/fredich.com\/"},{"@type":"ListItem","position":2,"name":"Tienda","item":"https:\/\/fredich.com\/index.php\/tienda\/"},{"@type":"ListItem","position":3,"name":"Manguera de Abasto de 100 cm"}]},{"@type":"WebSite","@id":"https:\/\/fredich.com\/#website","url":"https:\/\/fredich.com\/","name":"fredich","description":"Calidad alemana a tu alcance","publisher":{"@id":"https:\/\/fredich.com\/#organization"},"potentialAction":[{"@type":"SearchAction","target":{"@type":"EntryPoint","urlTemplate":"https:\/\/fredich.com\/?s={search_term_string}"},"query-input":"required name=search_term_string"}],"inLanguage":"es"},{"@type":"Organization","@id":"https:\/\/fredich.com\/#organization","name":"fredich","url":"https:\/\/fredich.com\/","logo":{"@type":"ImageObject","inLanguage":"es","@id":"https:\/\/fredich.com\/#\/schema\/logo\/image\/","url":"https:\/\/fredich.com\/wp-content\/uploads\/2023\/09\/cropped-Recurso-1@2x-1.png","contentUrl":"https:\/\/fredich.com\/wp-content\/uploads\/2023\/09\/cropped-Recurso-1@2x-1.png","width":339,"height":129,"caption":"fredich"},"image":{"@id":"https:\/\/fredich.com\/#\/schema\/logo\/image\/"}}]}},"_links":{"self":[{"href":"https:\/\/fredich.com\/index.php\/wp-json\/wp\/v2\/product\/2082"}],"collection":[{"href":"https:\/\/fredich.com\/index.php\/wp-json\/wp\/v2\/product"}],"about":[{"href":"https:\/\/fredich.com\/index.php\/wp-json\/wp\/v2\/types\/product"}],"replies":[{"embeddable":true,"href":"https:\/\/fredich.com\/index.php\/wp-json\/wp\/v2\/comments?post=2082"}],"version-history":[{"count":1,"href":"https:\/\/fredich.com\/index.php\/wp-json\/wp\/v2\/product\/2082\/revisions"}],"predecessor-version":[{"id":2084,"href":"https:\/\/fredich.com\/index.php\/wp-json\/wp\/v2\/product\/2082\/revisions\/2084"}],"wp:featuredmedia":[{"embeddable":true,"href":"https:\/\/fredich.com\/index.php\/wp-json\/wp\/v2\/media\/2083"}],"wp:attachment":[{"href":"https:\/\/fredich.com\/index.php\/wp-json\/wp\/v2\/media?parent=2082"}],"wp:term":[{"taxonomy":"product_cat","embeddable":true,"href":"https:\/\/fredich.com\/index.php\/wp-json\/wp\/v2\/product_cat?post=2082"},{"taxonomy":"product_tag","embeddable":true,"href":"https:\/\/fredich.com\/index.php\/wp-json\/wp\/v2\/product_tag?post=2082"}],"curies":[{"name":"wp","href":"https:\/\/api.w.org\/{rel}","templated":true}]}}