{"id":2085,"date":"2023-10-11T17:13:13","date_gmt":"2023-10-11T22:13:13","guid":{"rendered":"https:\/\/fredich.com\/?post_type=product&#038;p=2085"},"modified":"2023-10-12T11:06:25","modified_gmt":"2023-10-12T16:06:25","slug":"motobomba-petrolera-4x4-16hp","status":"publish","type":"product","link":"https:\/\/fredich.com\/index.php\/producto\/motobomba-petrolera-4x4-16hp\/","title":{"rendered":"Motobomba Petrolera 4&#215;4 &#8211; 16HP"},"content":{"rendered":"<p><strong>Motobomba de 4 Pulgadas:<\/strong> El valor de 4 pulgadas se refiere al di\u00e1metro de la tuber\u00eda o conducto al que se conecta el equipo, un aspecto esencial para garantizar una instalaci\u00f3n adecuada y un funcionamiento eficiente.<\/p>\n<p><strong>Altura M\u00e1xima de Bombeo de 40 Metros:<\/strong> Esta motobomba es capaz de elevar agua desde fuentes m\u00e1s bajas hasta una altura m\u00e1xima de 40 metros, lo que la hace ideal para aplicaciones que requieren elevaciones considerables.<\/p>\n<p><strong>Altura M\u00e1xima de Succi\u00f3n de 6 Metros:<\/strong> Puede aspirar agua desde una fuente ubicada hasta 6 metros por debajo de su posici\u00f3n, lo que facilita su ubicaci\u00f3n en relaci\u00f3n con la fuente de agua.<\/p>\n<p><strong>Capacidad M\u00e1xima de 95 Metros C\u00fabicos por Hora:<\/strong> La motobomba tiene una capacidad m\u00e1xima de mover hasta 95 metros c\u00fabicos de agua por hora, lo que la convierte en una opci\u00f3n eficiente para la entrega de agua.<\/p>\n<p><strong>Motor Potente de 16 Caballos de Fuerza:<\/strong> Equipada con un motor de 16 HP, esta motobomba cuenta con la potencia necesaria para realizar tareas de bombeo m\u00e1s exigentes.<\/p>\n<p><strong>Tipo de Motor Robusto:<\/strong> El motor de la bomba es de un solo cilindro, de 4 tiempos, enfriado por aire y dispuesto en posici\u00f3n vertical, lo que es crucial para comprender su funcionamiento.<\/p>\n<p><strong>Opci\u00f3n de Arranque Manual o El\u00e9ctrico:<\/strong> Ofrece opciones para iniciar la operaci\u00f3n manualmente o mediante arranque el\u00e9ctrico, brindando flexibilidad en su uso y operaci\u00f3n.<\/p>\n<p><strong>Capacidad del Tanque de Combustible de 5.5 Litros:<\/strong> El tanque de combustible tiene una capacidad de 5.5 litros, lo que afecta directamente el tiempo de funcionamiento continuo de la bomba antes de requerir reabastecimiento.<\/p>\n<p><strong>Tiempo de Funcionamiento Continuo de 2 Horas:<\/strong> La motobomba puede operar de manera ininterrumpida durante 2 horas antes de necesitar un reabastecimiento de combustible.<\/p>\n<p><strong>Dise\u00f1o Robusto y Duradero:<\/strong> Con un peso neto de 60 kg y un peso bruto de 65 kg, esta motobomba presenta un dise\u00f1o robusto y duradero, importante para su manejo y transporte.<\/p>\n<p><strong>Dimensiones para una F\u00e1cil Ubicaci\u00f3n y Montaje:<\/strong> Las dimensiones de 645 x 470 x 600 mm son fundamentales para planificar la ubicaci\u00f3n y el montaje de la bomba.<\/p>\n<p><strong>Tama\u00f1o del Paquete para Transporte:<\/strong> El tama\u00f1o del paquete de 655 x 480 x 615 mm indica las dimensiones totales del equipo empaquetado para su env\u00edo y transporte, lo que es esencial para la log\u00edstica y manipulaci\u00f3n.<\/p>\n","protected":false},"excerpt":{"rendered":"<p><strong>Pulgadas (Inch):<\/strong> 4&#8243;<\/p>\n<p><strong>Altura m\u00e1xima (m):<\/strong> 40<\/p>\n<p><strong>Altura m\u00e1xima de succi\u00f3n (m):<\/strong> 6<\/p>\n<p><strong>Capacidad m\u00e1xima (m\u00b3\/h):<\/strong> 95<\/p>\n<p><strong>HP:<\/strong> 16<\/p>\n<p><strong>Tipo:<\/strong> Motor di\u00e9sel de un solo cilindro, 4 tiempos, enfriado por aire, vertical<\/p>\n<p><strong>Modo de arranque:<\/strong> Manual o arranque el\u00e9ctrico<\/p>\n<p><strong>Capacidad del tanque de combustible (L):<\/strong> 5.5<\/p>\n<p><strong>Tiempo de funcionamiento continuo (h):<\/strong> 2.0<\/p>\n<p><strong>Peso neto\/Peso bruto (kg):<\/strong> 60\/65<\/p>\n<p><strong>Dimensiones LxAnxAl (mm):<\/strong> 645 x 470 x 600<\/p>\n<p><strong>Tama\u00f1o del paquete LxAnxAl (mm):<\/strong> 655 x 480 x 615<\/p>\n","protected":false},"featured_media":2090,"comment_status":"open","ping_status":"closed","template":"","meta":{"site-sidebar-layout":"default","site-content-layout":"","ast-site-content-layout":"default","site-content-style":"default","site-sidebar-style":"default","ast-global-header-display":"","ast-banner-title-visibility":"","ast-main-header-display":"","ast-hfb-above-header-display":"","ast-hfb-below-header-display":"","ast-hfb-mobile-header-display":"","site-post-title":"","ast-breadcrumbs-content":"","ast-featured-img":"","footer-sml-layout":"","theme-transparent-header-meta":"default","adv-header-id-meta":"","stick-header-meta":"","header-above-stick-meta":"","header-main-stick-meta":"","header-below-stick-meta":"","astra-migrate-meta-layouts":"set"},"product_cat":[43,90,50,112,15,61,137],"product_tag":[],"yoast_head":"<!-- This site is optimized with the Yoast SEO plugin v20.13 - https:\/\/yoast.com\/wordpress\/plugins\/seo\/ -->\n<title>Motobomba Petrolera 4x4 - 16HP - fredich<\/title>\n<meta name=\"description\" content=\"Pulgadas (Inch): 4&quot;Altura m\u00e1xima (m): 40Altura m\u00e1xima de succi\u00f3n (m): 6Capacidad m\u00e1xima (m\u00b3\/h): 95HP: 16Tipo: Motor di\u00e9sel de un solo cilindro, 4 tiempos, enfriado por aire, verticalModo de arranque: Manual o arranque el\u00e9ctricoCapacidad del tanque de combustible (L): 5.5Tiempo de funcionamiento continuo (h): 2.0Peso neto\/Peso bruto (kg): 60\/65Dimensiones LxAnxAl (mm): 645 x 470 x 600Tama\u00f1o del paquete LxAnxAl (mm): 655 x 480 x 615\" \/>\n<meta name=\"robots\" content=\"index, follow, max-snippet:-1, max-image-preview:large, max-video-preview:-1\" \/>\n<link rel=\"canonical\" href=\"https:\/\/fredich.com\/index.php\/producto\/motobomba-petrolera-4x4-16hp\/\" \/>\n<meta property=\"og:locale\" content=\"es_ES\" \/>\n<meta property=\"og:type\" content=\"article\" \/>\n<meta property=\"og:title\" content=\"Motobomba Petrolera 4x4 - 16HP - fredich\" \/>\n<meta property=\"og:description\" content=\"Pulgadas (Inch): 4&quot;Altura m\u00e1xima (m): 40Altura m\u00e1xima de succi\u00f3n (m): 6Capacidad m\u00e1xima (m\u00b3\/h): 95HP: 16Tipo: Motor di\u00e9sel de un solo cilindro, 4 tiempos, enfriado por aire, verticalModo de arranque: Manual o arranque el\u00e9ctricoCapacidad del tanque de combustible (L): 5.5Tiempo de funcionamiento continuo (h): 2.0Peso neto\/Peso bruto (kg): 60\/65Dimensiones LxAnxAl (mm): 645 x 470 x 600Tama\u00f1o del paquete LxAnxAl (mm): 655 x 480 x 615\" \/>\n<meta property=\"og:url\" content=\"https:\/\/fredich.com\/index.php\/producto\/motobomba-petrolera-4x4-16hp\/\" \/>\n<meta property=\"og:site_name\" content=\"fredich\" \/>\n<meta property=\"article:modified_time\" content=\"2023-10-12T16:06:25+00:00\" \/>\n<meta property=\"og:image\" content=\"https:\/\/fredich.com\/wp-content\/uploads\/2023\/10\/28.png\" \/>\n\t<meta property=\"og:image:width\" content=\"1200\" \/>\n\t<meta property=\"og:image:height\" content=\"1200\" \/>\n\t<meta property=\"og:image:type\" content=\"image\/png\" \/>\n<meta name=\"twitter:card\" content=\"summary_large_image\" \/>\n<meta name=\"twitter:label1\" content=\"Tiempo de lectura\" \/>\n\t<meta name=\"twitter:data1\" content=\"3 minutos\" \/>\n<script type=\"application\/ld+json\" class=\"yoast-schema-graph\">{\"@context\":\"https:\/\/schema.org\",\"@graph\":[{\"@type\":\"WebPage\",\"@id\":\"https:\/\/fredich.com\/index.php\/producto\/motobomba-petrolera-4x4-16hp\/\",\"url\":\"https:\/\/fredich.com\/index.php\/producto\/motobomba-petrolera-4x4-16hp\/\",\"name\":\"Motobomba Petrolera 4x4 - 16HP - fredich\",\"isPartOf\":{\"@id\":\"https:\/\/fredich.com\/#website\"},\"datePublished\":\"2023-10-11T22:13:13+00:00\",\"dateModified\":\"2023-10-12T16:06:25+00:00\",\"description\":\"Pulgadas (Inch): 4\\\"Altura m\u00e1xima (m): 40Altura m\u00e1xima de succi\u00f3n (m): 6Capacidad m\u00e1xima (m\u00b3\/h): 95HP: 16Tipo: Motor di\u00e9sel de un solo cilindro, 4 tiempos, enfriado por aire, verticalModo de arranque: Manual o arranque el\u00e9ctricoCapacidad del tanque de combustible (L): 5.5Tiempo de funcionamiento continuo (h): 2.0Peso neto\/Peso bruto (kg): 60\/65Dimensiones LxAnxAl (mm): 645 x 470 x 600Tama\u00f1o del paquete LxAnxAl (mm): 655 x 480 x 615\",\"breadcrumb\":{\"@id\":\"https:\/\/fredich.com\/index.php\/producto\/motobomba-petrolera-4x4-16hp\/#breadcrumb\"},\"inLanguage\":\"es\",\"potentialAction\":[{\"@type\":\"ReadAction\",\"target\":[\"https:\/\/fredich.com\/index.php\/producto\/motobomba-petrolera-4x4-16hp\/\"]}]},{\"@type\":\"BreadcrumbList\",\"@id\":\"https:\/\/fredich.com\/index.php\/producto\/motobomba-petrolera-4x4-16hp\/#breadcrumb\",\"itemListElement\":[{\"@type\":\"ListItem\",\"position\":1,\"name\":\"Portada\",\"item\":\"https:\/\/fredich.com\/\"},{\"@type\":\"ListItem\",\"position\":2,\"name\":\"Tienda\",\"item\":\"https:\/\/fredich.com\/index.php\/tienda\/\"},{\"@type\":\"ListItem\",\"position\":3,\"name\":\"Motobomba Petrolera 4&#215;4 &#8211; 16HP\"}]},{\"@type\":\"WebSite\",\"@id\":\"https:\/\/fredich.com\/#website\",\"url\":\"https:\/\/fredich.com\/\",\"name\":\"fredich\",\"description\":\"Calidad alemana a tu alcance\",\"publisher\":{\"@id\":\"https:\/\/fredich.com\/#organization\"},\"potentialAction\":[{\"@type\":\"SearchAction\",\"target\":{\"@type\":\"EntryPoint\",\"urlTemplate\":\"https:\/\/fredich.com\/?s={search_term_string}\"},\"query-input\":\"required name=search_term_string\"}],\"inLanguage\":\"es\"},{\"@type\":\"Organization\",\"@id\":\"https:\/\/fredich.com\/#organization\",\"name\":\"fredich\",\"url\":\"https:\/\/fredich.com\/\",\"logo\":{\"@type\":\"ImageObject\",\"inLanguage\":\"es\",\"@id\":\"https:\/\/fredich.com\/#\/schema\/logo\/image\/\",\"url\":\"https:\/\/fredich.com\/wp-content\/uploads\/2023\/09\/cropped-Recurso-1@2x-1.png\",\"contentUrl\":\"https:\/\/fredich.com\/wp-content\/uploads\/2023\/09\/cropped-Recurso-1@2x-1.png\",\"width\":339,\"height\":129,\"caption\":\"fredich\"},\"image\":{\"@id\":\"https:\/\/fredich.com\/#\/schema\/logo\/image\/\"}}]}<\/script>\n<!-- \/ Yoast SEO plugin. -->","yoast_head_json":{"title":"Motobomba Petrolera 4x4 - 16HP - fredich","description":"Pulgadas (Inch): 4\"Altura m\u00e1xima (m): 40Altura m\u00e1xima de succi\u00f3n (m): 6Capacidad m\u00e1xima (m\u00b3\/h): 95HP: 16Tipo: Motor di\u00e9sel de un solo cilindro, 4 tiempos, enfriado por aire, verticalModo de arranque: Manual o arranque el\u00e9ctricoCapacidad del tanque de combustible (L): 5.5Tiempo de funcionamiento continuo (h): 2.0Peso neto\/Peso bruto (kg): 60\/65Dimensiones LxAnxAl (mm): 645 x 470 x 600Tama\u00f1o del paquete LxAnxAl (mm): 655 x 480 x 615","robots":{"index":"index","follow":"follow","max-snippet":"max-snippet:-1","max-image-preview":"max-image-preview:large","max-video-preview":"max-video-preview:-1"},"canonical":"https:\/\/fredich.com\/index.php\/producto\/motobomba-petrolera-4x4-16hp\/","og_locale":"es_ES","og_type":"article","og_title":"Motobomba Petrolera 4x4 - 16HP - fredich","og_description":"Pulgadas (Inch): 4\"Altura m\u00e1xima (m): 40Altura m\u00e1xima de succi\u00f3n (m): 6Capacidad m\u00e1xima (m\u00b3\/h): 95HP: 16Tipo: Motor di\u00e9sel de un solo cilindro, 4 tiempos, enfriado por aire, verticalModo de arranque: Manual o arranque el\u00e9ctricoCapacidad del tanque de combustible (L): 5.5Tiempo de funcionamiento continuo (h): 2.0Peso neto\/Peso bruto (kg): 60\/65Dimensiones LxAnxAl (mm): 645 x 470 x 600Tama\u00f1o del paquete LxAnxAl (mm): 655 x 480 x 615","og_url":"https:\/\/fredich.com\/index.php\/producto\/motobomba-petrolera-4x4-16hp\/","og_site_name":"fredich","article_modified_time":"2023-10-12T16:06:25+00:00","og_image":[{"width":1200,"height":1200,"url":"https:\/\/fredich.com\/wp-content\/uploads\/2023\/10\/28.png","type":"image\/png"}],"twitter_card":"summary_large_image","twitter_misc":{"Tiempo de lectura":"3 minutos"},"schema":{"@context":"https:\/\/schema.org","@graph":[{"@type":"WebPage","@id":"https:\/\/fredich.com\/index.php\/producto\/motobomba-petrolera-4x4-16hp\/","url":"https:\/\/fredich.com\/index.php\/producto\/motobomba-petrolera-4x4-16hp\/","name":"Motobomba Petrolera 4x4 - 16HP - fredich","isPartOf":{"@id":"https:\/\/fredich.com\/#website"},"datePublished":"2023-10-11T22:13:13+00:00","dateModified":"2023-10-12T16:06:25+00:00","description":"Pulgadas (Inch): 4\"Altura m\u00e1xima (m): 40Altura m\u00e1xima de succi\u00f3n (m): 6Capacidad m\u00e1xima (m\u00b3\/h): 95HP: 16Tipo: Motor di\u00e9sel de un solo cilindro, 4 tiempos, enfriado por aire, verticalModo de arranque: Manual o arranque el\u00e9ctricoCapacidad del tanque de combustible (L): 5.5Tiempo de funcionamiento continuo (h): 2.0Peso neto\/Peso bruto (kg): 60\/65Dimensiones LxAnxAl (mm): 645 x 470 x 600Tama\u00f1o del paquete LxAnxAl (mm): 655 x 480 x 615","breadcrumb":{"@id":"https:\/\/fredich.com\/index.php\/producto\/motobomba-petrolera-4x4-16hp\/#breadcrumb"},"inLanguage":"es","potentialAction":[{"@type":"ReadAction","target":["https:\/\/fredich.com\/index.php\/producto\/motobomba-petrolera-4x4-16hp\/"]}]},{"@type":"BreadcrumbList","@id":"https:\/\/fredich.com\/index.php\/producto\/motobomba-petrolera-4x4-16hp\/#breadcrumb","itemListElement":[{"@type":"ListItem","position":1,"name":"Portada","item":"https:\/\/fredich.com\/"},{"@type":"ListItem","position":2,"name":"Tienda","item":"https:\/\/fredich.com\/index.php\/tienda\/"},{"@type":"ListItem","position":3,"name":"Motobomba Petrolera 4&#215;4 &#8211; 16HP"}]},{"@type":"WebSite","@id":"https:\/\/fredich.com\/#website","url":"https:\/\/fredich.com\/","name":"fredich","description":"Calidad alemana a tu alcance","publisher":{"@id":"https:\/\/fredich.com\/#organization"},"potentialAction":[{"@type":"SearchAction","target":{"@type":"EntryPoint","urlTemplate":"https:\/\/fredich.com\/?s={search_term_string}"},"query-input":"required name=search_term_string"}],"inLanguage":"es"},{"@type":"Organization","@id":"https:\/\/fredich.com\/#organization","name":"fredich","url":"https:\/\/fredich.com\/","logo":{"@type":"ImageObject","inLanguage":"es","@id":"https:\/\/fredich.com\/#\/schema\/logo\/image\/","url":"https:\/\/fredich.com\/wp-content\/uploads\/2023\/09\/cropped-Recurso-1@2x-1.png","contentUrl":"https:\/\/fredich.com\/wp-content\/uploads\/2023\/09\/cropped-Recurso-1@2x-1.png","width":339,"height":129,"caption":"fredich"},"image":{"@id":"https:\/\/fredich.com\/#\/schema\/logo\/image\/"}}]}},"_links":{"self":[{"href":"https:\/\/fredich.com\/index.php\/wp-json\/wp\/v2\/product\/2085"}],"collection":[{"href":"https:\/\/fredich.com\/index.php\/wp-json\/wp\/v2\/product"}],"about":[{"href":"https:\/\/fredich.com\/index.php\/wp-json\/wp\/v2\/types\/product"}],"replies":[{"embeddable":true,"href":"https:\/\/fredich.com\/index.php\/wp-json\/wp\/v2\/comments?post=2085"}],"version-history":[{"count":3,"href":"https:\/\/fredich.com\/index.php\/wp-json\/wp\/v2\/product\/2085\/revisions"}],"predecessor-version":[{"id":2109,"href":"https:\/\/fredich.com\/index.php\/wp-json\/wp\/v2\/product\/2085\/revisions\/2109"}],"wp:featuredmedia":[{"embeddable":true,"href":"https:\/\/fredich.com\/index.php\/wp-json\/wp\/v2\/media\/2090"}],"wp:attachment":[{"href":"https:\/\/fredich.com\/index.php\/wp-json\/wp\/v2\/media?parent=2085"}],"wp:term":[{"taxonomy":"product_cat","embeddable":true,"href":"https:\/\/fredich.com\/index.php\/wp-json\/wp\/v2\/product_cat?post=2085"},{"taxonomy":"product_tag","embeddable":true,"href":"https:\/\/fredich.com\/index.php\/wp-json\/wp\/v2\/product_tag?post=2085"}],"curies":[{"name":"wp","href":"https:\/\/api.w.org\/{rel}","templated":true}]}}