{"id":2146,"date":"2023-10-13T09:46:52","date_gmt":"2023-10-13T14:46:52","guid":{"rendered":"https:\/\/fredich.com\/?post_type=product&#038;p=2146"},"modified":"2023-10-13T16:50:43","modified_gmt":"2023-10-13T21:50:43","slug":"generador-4-2-w","status":"publish","type":"product","link":"https:\/\/fredich.com\/index.php\/producto\/generador-4-2-w\/","title":{"rendered":"Generador 4.2 W"},"content":{"rendered":"<p><strong>Frecuencia nominal (Hz):<\/strong> La frecuencia nominal de este generador es de 50 Hz, lo que es com\u00fan en muchas regiones del mundo. Esto garantiza un suministro de energ\u00eda el\u00e9ctrica estable a equipos y dispositivos que requieren esta frecuencia.<\/p>\n<p><strong>Potencia nominal (kW):<\/strong> La potencia nominal de este generador es de 4.2 kilovatios (kW) a una tensi\u00f3n de 400V. Esto indica la potencia continua que el generador puede proporcionar para alimentar dispositivos y cargas el\u00e9ctricas. La tensi\u00f3n de 400V es adecuada para aplicaciones industriales y comerciales.<\/p>\n<p><strong>Potencia m\u00e1xima (kW):<\/strong> La potencia m\u00e1xima que este generador puede alcanzar es de 5.0 kW a 400V. Esta potencia adicional es \u00fatil para manejar cargas de inicio o picos de potencia que pueden ocurrir al arrancar ciertos equipos.<\/p>\n<p><strong>Voltaje nominal (V):<\/strong> El generador proporciona electricidad a una tensi\u00f3n nominal de 400V. Este nivel de tensi\u00f3n es com\u00fan en aplicaciones industriales y es adecuado para la mayor\u00eda de los dispositivos utilizados en estos entornos.<\/p>\n<p><strong>Factor de potencia (cos\u03b8):<\/strong> El factor de potencia es de 0.8, lo que indica que parte de la potencia es reactiva. El factor de potencia es importante en aplicaciones industriales y comerciales para asegurarse de que la energ\u00eda sea utilizada de manera eficiente.<\/p>\n<p><strong>Tipo:<\/strong> Este generador est\u00e1 equipado con un motor di\u00e9sel de un solo cilindro, 4 tiempos, refrigerado por aire, con disposici\u00f3n vertical. Estos motores son conocidos por su durabilidad y eficiencia en la conversi\u00f3n de energ\u00eda.<\/p>\n<p><strong>Modo de arranque:<\/strong> El generador cuenta con un sistema de arranque el\u00e9ctrico, lo que facilita el encendido y la puesta en funcionamiento sin necesidad de arranque manual.<\/p>\n<p><strong>Tipo:<\/strong> Es un generador di\u00e9sel de tipo silencioso, lo que significa que est\u00e1 dise\u00f1ado para operar con bajo nivel de ruido. Esto lo hace adecuado para aplicaciones en las que el ruido es una preocupaci\u00f3n, como en \u00e1reas residenciales o zonas urbanas sensibles al ruido.<\/p>\n<p><strong>Capacidad del tanque de combustible (L):<\/strong> El generador tiene una capacidad de tanque de combustible de 14.5 litros, lo que permite un funcionamiento continuo durante un per\u00edodo prolongado sin necesidad de recargar combustible con frecuencia.<\/p>\n<p><strong>Tiempo de funcionamiento continuo (h):<\/strong> El generador es capaz de funcionar de manera continua durante 6.3 horas, lo que es \u00fatil en situaciones de emergencia o para mantener la energ\u00eda en aplicaciones espec\u00edficas durante un tiempo prolongado.<\/p>\n<p><strong>Peso neto\/peso bruto (kg):<\/strong> El peso neto del generador es de 153 kg, mientras que el peso bruto, que incluye el embalaje, es de 158 kg. Estas cifras son relevantes para el transporte y la manipulaci\u00f3n del generador.<\/p>\n<p><strong>Dimensiones (LxAnxAl mm):<\/strong> El generador tiene dimensiones de 910 mm de largo, 520 mm de ancho y 740 mm de alto. Estas dimensiones son importantes para la instalaci\u00f3n y el espacio necesario para su funcionamiento.<\/p>\n<p><strong>Tama\u00f1o del paquete (LxAnxAl mm):<\/strong> El paquete del generador tiene dimensiones de 940 mm de largo, 540 mm de ancho y 765 mm de alto, lo que facilita su transporte y almacenamiento cuando no est\u00e1 en uso.<\/p>\n","protected":false},"excerpt":{"rendered":"<ul>\n<li><strong>Frecuencia nominal (Hz):<\/strong> 50<\/li>\n<li><strong>Potencia nominal (kW):<\/strong> 4.2 kW\/ 400V<\/li>\n<li><strong>Potencia m\u00e1xima (kW):<\/strong> 5.0 kW\/400V<\/li>\n<li><strong>Voltaje nominal (V):<\/strong> 400V<\/li>\n<li><strong>Factor de potencia (cos\u03b8):<\/strong> 0.8<\/li>\n<li><strong>Tipo:<\/strong> Motor di\u00e9sel de un solo cilindro, 4 tiempos, refrigerado por aire, disposici\u00f3n vertical<\/li>\n<li><strong>Modo de arranque:<\/strong> Arranque el\u00e9ctrico<\/li>\n<li><strong>Tipo:<\/strong> Generador di\u00e9sel de tipo silencioso<\/li>\n<li><strong>Capacidad del tanque de combustible (L):<\/strong> 14.5<\/li>\n<li><strong>Tiempo de funcionamiento continuo (h):<\/strong> 6.3<\/li>\n<li><strong>Peso neto\/peso bruto (kg):<\/strong> 153\/158<\/li>\n<li><strong>Dimensiones (LxAnxAl mm):<\/strong> 910 x 520 x 740<\/li>\n<li><strong>Tama\u00f1o del paquete (LxAnxAl mm):<\/strong> 940 x 540 x 765<\/li>\n<\/ul>\n","protected":false},"featured_media":1976,"comment_status":"open","ping_status":"closed","template":"","meta":{"site-sidebar-layout":"default","site-content-layout":"","ast-site-content-layout":"default","site-content-style":"default","site-sidebar-style":"default","ast-global-header-display":"","ast-banner-title-visibility":"","ast-main-header-display":"","ast-hfb-above-header-display":"","ast-hfb-below-header-display":"","ast-hfb-mobile-header-display":"","site-post-title":"","ast-breadcrumbs-content":"","ast-featured-img":"","footer-sml-layout":"","theme-transparent-header-meta":"default","adv-header-id-meta":"","stick-header-meta":"","header-above-stick-meta":"","header-main-stick-meta":"","header-below-stick-meta":"","astra-migrate-meta-layouts":"set"},"product_cat":[40,85,53,108,65,132,22,70,144],"product_tag":[],"yoast_head":"<!-- This site is optimized with the Yoast SEO plugin v20.13 - https:\/\/yoast.com\/wordpress\/plugins\/seo\/ -->\n<title>Generador 4.2 W - fredich<\/title>\n<meta name=\"description\" content=\"Frecuencia nominal (Hz): 50Potencia nominal (kW): 4.2 kW\/ 400VPotencia m\u00e1xima (kW): 5.0 kW\/400VVoltaje nominal (V): 400VFactor de potencia (cos\u03b8): 0.8Tipo: Motor di\u00e9sel de un solo cilindro, 4 tiempos, refrigerado por aire, disposici\u00f3n verticalModo de arranque: Arranque el\u00e9ctricoTipo: Generador di\u00e9sel de tipo silenciosoCapacidad del tanque de combustible (L): 14.5Tiempo de funcionamiento continuo (h): 6.3Peso neto\/peso bruto (kg): 153\/158Dimensiones (LxAnxAl mm): 910 x 520 x 740Tama\u00f1o del paquete (LxAnxAl mm): 940 x 540 x 765\" \/>\n<meta name=\"robots\" content=\"index, follow, max-snippet:-1, max-image-preview:large, max-video-preview:-1\" \/>\n<link rel=\"canonical\" href=\"https:\/\/fredich.com\/index.php\/producto\/generador-4-2-w\/\" \/>\n<meta property=\"og:locale\" content=\"es_ES\" \/>\n<meta property=\"og:type\" content=\"article\" \/>\n<meta property=\"og:title\" content=\"Generador 4.2 W - fredich\" \/>\n<meta property=\"og:description\" content=\"Frecuencia nominal (Hz): 50Potencia nominal (kW): 4.2 kW\/ 400VPotencia m\u00e1xima (kW): 5.0 kW\/400VVoltaje nominal (V): 400VFactor de potencia (cos\u03b8): 0.8Tipo: Motor di\u00e9sel de un solo cilindro, 4 tiempos, refrigerado por aire, disposici\u00f3n verticalModo de arranque: Arranque el\u00e9ctricoTipo: Generador di\u00e9sel de tipo silenciosoCapacidad del tanque de combustible (L): 14.5Tiempo de funcionamiento continuo (h): 6.3Peso neto\/peso bruto (kg): 153\/158Dimensiones (LxAnxAl mm): 910 x 520 x 740Tama\u00f1o del paquete (LxAnxAl mm): 940 x 540 x 765\" \/>\n<meta property=\"og:url\" content=\"https:\/\/fredich.com\/index.php\/producto\/generador-4-2-w\/\" \/>\n<meta property=\"og:site_name\" content=\"fredich\" \/>\n<meta property=\"article:modified_time\" content=\"2023-10-13T21:50:43+00:00\" \/>\n<meta property=\"og:image\" content=\"https:\/\/fredich.com\/wp-content\/uploads\/2023\/10\/14.png\" \/>\n\t<meta property=\"og:image:width\" content=\"1200\" \/>\n\t<meta property=\"og:image:height\" content=\"1200\" \/>\n\t<meta property=\"og:image:type\" content=\"image\/png\" \/>\n<meta name=\"twitter:card\" content=\"summary_large_image\" \/>\n<meta name=\"twitter:label1\" content=\"Tiempo de lectura\" \/>\n\t<meta name=\"twitter:data1\" content=\"3 minutos\" \/>\n<script type=\"application\/ld+json\" class=\"yoast-schema-graph\">{\"@context\":\"https:\/\/schema.org\",\"@graph\":[{\"@type\":\"WebPage\",\"@id\":\"https:\/\/fredich.com\/index.php\/producto\/generador-4-2-w\/\",\"url\":\"https:\/\/fredich.com\/index.php\/producto\/generador-4-2-w\/\",\"name\":\"Generador 4.2 W - fredich\",\"isPartOf\":{\"@id\":\"https:\/\/fredich.com\/#website\"},\"datePublished\":\"2023-10-13T14:46:52+00:00\",\"dateModified\":\"2023-10-13T21:50:43+00:00\",\"description\":\"Frecuencia nominal (Hz): 50Potencia nominal (kW): 4.2 kW\/ 400VPotencia m\u00e1xima (kW): 5.0 kW\/400VVoltaje nominal (V): 400VFactor de potencia (cos\u03b8): 0.8Tipo: Motor di\u00e9sel de un solo cilindro, 4 tiempos, refrigerado por aire, disposici\u00f3n verticalModo de arranque: Arranque el\u00e9ctricoTipo: Generador di\u00e9sel de tipo silenciosoCapacidad del tanque de combustible (L): 14.5Tiempo de funcionamiento continuo (h): 6.3Peso neto\/peso bruto (kg): 153\/158Dimensiones (LxAnxAl mm): 910 x 520 x 740Tama\u00f1o del paquete (LxAnxAl mm): 940 x 540 x 765\",\"breadcrumb\":{\"@id\":\"https:\/\/fredich.com\/index.php\/producto\/generador-4-2-w\/#breadcrumb\"},\"inLanguage\":\"es\",\"potentialAction\":[{\"@type\":\"ReadAction\",\"target\":[\"https:\/\/fredich.com\/index.php\/producto\/generador-4-2-w\/\"]}]},{\"@type\":\"BreadcrumbList\",\"@id\":\"https:\/\/fredich.com\/index.php\/producto\/generador-4-2-w\/#breadcrumb\",\"itemListElement\":[{\"@type\":\"ListItem\",\"position\":1,\"name\":\"Portada\",\"item\":\"https:\/\/fredich.com\/\"},{\"@type\":\"ListItem\",\"position\":2,\"name\":\"Tienda\",\"item\":\"https:\/\/fredich.com\/index.php\/tienda\/\"},{\"@type\":\"ListItem\",\"position\":3,\"name\":\"Generador 4.2 W\"}]},{\"@type\":\"WebSite\",\"@id\":\"https:\/\/fredich.com\/#website\",\"url\":\"https:\/\/fredich.com\/\",\"name\":\"fredich\",\"description\":\"Calidad alemana a tu alcance\",\"publisher\":{\"@id\":\"https:\/\/fredich.com\/#organization\"},\"potentialAction\":[{\"@type\":\"SearchAction\",\"target\":{\"@type\":\"EntryPoint\",\"urlTemplate\":\"https:\/\/fredich.com\/?s={search_term_string}\"},\"query-input\":\"required name=search_term_string\"}],\"inLanguage\":\"es\"},{\"@type\":\"Organization\",\"@id\":\"https:\/\/fredich.com\/#organization\",\"name\":\"fredich\",\"url\":\"https:\/\/fredich.com\/\",\"logo\":{\"@type\":\"ImageObject\",\"inLanguage\":\"es\",\"@id\":\"https:\/\/fredich.com\/#\/schema\/logo\/image\/\",\"url\":\"https:\/\/fredich.com\/wp-content\/uploads\/2023\/09\/cropped-Recurso-1@2x-1.png\",\"contentUrl\":\"https:\/\/fredich.com\/wp-content\/uploads\/2023\/09\/cropped-Recurso-1@2x-1.png\",\"width\":339,\"height\":129,\"caption\":\"fredich\"},\"image\":{\"@id\":\"https:\/\/fredich.com\/#\/schema\/logo\/image\/\"}}]}<\/script>\n<!-- \/ Yoast SEO plugin. -->","yoast_head_json":{"title":"Generador 4.2 W - fredich","description":"Frecuencia nominal (Hz): 50Potencia nominal (kW): 4.2 kW\/ 400VPotencia m\u00e1xima (kW): 5.0 kW\/400VVoltaje nominal (V): 400VFactor de potencia (cos\u03b8): 0.8Tipo: Motor di\u00e9sel de un solo cilindro, 4 tiempos, refrigerado por aire, disposici\u00f3n verticalModo de arranque: Arranque el\u00e9ctricoTipo: Generador di\u00e9sel de tipo silenciosoCapacidad del tanque de combustible (L): 14.5Tiempo de funcionamiento continuo (h): 6.3Peso neto\/peso bruto (kg): 153\/158Dimensiones (LxAnxAl mm): 910 x 520 x 740Tama\u00f1o del paquete (LxAnxAl mm): 940 x 540 x 765","robots":{"index":"index","follow":"follow","max-snippet":"max-snippet:-1","max-image-preview":"max-image-preview:large","max-video-preview":"max-video-preview:-1"},"canonical":"https:\/\/fredich.com\/index.php\/producto\/generador-4-2-w\/","og_locale":"es_ES","og_type":"article","og_title":"Generador 4.2 W - fredich","og_description":"Frecuencia nominal (Hz): 50Potencia nominal (kW): 4.2 kW\/ 400VPotencia m\u00e1xima (kW): 5.0 kW\/400VVoltaje nominal (V): 400VFactor de potencia (cos\u03b8): 0.8Tipo: Motor di\u00e9sel de un solo cilindro, 4 tiempos, refrigerado por aire, disposici\u00f3n verticalModo de arranque: Arranque el\u00e9ctricoTipo: Generador di\u00e9sel de tipo silenciosoCapacidad del tanque de combustible (L): 14.5Tiempo de funcionamiento continuo (h): 6.3Peso neto\/peso bruto (kg): 153\/158Dimensiones (LxAnxAl mm): 910 x 520 x 740Tama\u00f1o del paquete (LxAnxAl mm): 940 x 540 x 765","og_url":"https:\/\/fredich.com\/index.php\/producto\/generador-4-2-w\/","og_site_name":"fredich","article_modified_time":"2023-10-13T21:50:43+00:00","og_image":[{"width":1200,"height":1200,"url":"https:\/\/fredich.com\/wp-content\/uploads\/2023\/10\/14.png","type":"image\/png"}],"twitter_card":"summary_large_image","twitter_misc":{"Tiempo de lectura":"3 minutos"},"schema":{"@context":"https:\/\/schema.org","@graph":[{"@type":"WebPage","@id":"https:\/\/fredich.com\/index.php\/producto\/generador-4-2-w\/","url":"https:\/\/fredich.com\/index.php\/producto\/generador-4-2-w\/","name":"Generador 4.2 W - fredich","isPartOf":{"@id":"https:\/\/fredich.com\/#website"},"datePublished":"2023-10-13T14:46:52+00:00","dateModified":"2023-10-13T21:50:43+00:00","description":"Frecuencia nominal (Hz): 50Potencia nominal (kW): 4.2 kW\/ 400VPotencia m\u00e1xima (kW): 5.0 kW\/400VVoltaje nominal (V): 400VFactor de potencia (cos\u03b8): 0.8Tipo: Motor di\u00e9sel de un solo cilindro, 4 tiempos, refrigerado por aire, disposici\u00f3n verticalModo de arranque: Arranque el\u00e9ctricoTipo: Generador di\u00e9sel de tipo silenciosoCapacidad del tanque de combustible (L): 14.5Tiempo de funcionamiento continuo (h): 6.3Peso neto\/peso bruto (kg): 153\/158Dimensiones (LxAnxAl mm): 910 x 520 x 740Tama\u00f1o del paquete (LxAnxAl mm): 940 x 540 x 765","breadcrumb":{"@id":"https:\/\/fredich.com\/index.php\/producto\/generador-4-2-w\/#breadcrumb"},"inLanguage":"es","potentialAction":[{"@type":"ReadAction","target":["https:\/\/fredich.com\/index.php\/producto\/generador-4-2-w\/"]}]},{"@type":"BreadcrumbList","@id":"https:\/\/fredich.com\/index.php\/producto\/generador-4-2-w\/#breadcrumb","itemListElement":[{"@type":"ListItem","position":1,"name":"Portada","item":"https:\/\/fredich.com\/"},{"@type":"ListItem","position":2,"name":"Tienda","item":"https:\/\/fredich.com\/index.php\/tienda\/"},{"@type":"ListItem","position":3,"name":"Generador 4.2 W"}]},{"@type":"WebSite","@id":"https:\/\/fredich.com\/#website","url":"https:\/\/fredich.com\/","name":"fredich","description":"Calidad alemana a tu alcance","publisher":{"@id":"https:\/\/fredich.com\/#organization"},"potentialAction":[{"@type":"SearchAction","target":{"@type":"EntryPoint","urlTemplate":"https:\/\/fredich.com\/?s={search_term_string}"},"query-input":"required name=search_term_string"}],"inLanguage":"es"},{"@type":"Organization","@id":"https:\/\/fredich.com\/#organization","name":"fredich","url":"https:\/\/fredich.com\/","logo":{"@type":"ImageObject","inLanguage":"es","@id":"https:\/\/fredich.com\/#\/schema\/logo\/image\/","url":"https:\/\/fredich.com\/wp-content\/uploads\/2023\/09\/cropped-Recurso-1@2x-1.png","contentUrl":"https:\/\/fredich.com\/wp-content\/uploads\/2023\/09\/cropped-Recurso-1@2x-1.png","width":339,"height":129,"caption":"fredich"},"image":{"@id":"https:\/\/fredich.com\/#\/schema\/logo\/image\/"}}]}},"_links":{"self":[{"href":"https:\/\/fredich.com\/index.php\/wp-json\/wp\/v2\/product\/2146"}],"collection":[{"href":"https:\/\/fredich.com\/index.php\/wp-json\/wp\/v2\/product"}],"about":[{"href":"https:\/\/fredich.com\/index.php\/wp-json\/wp\/v2\/types\/product"}],"replies":[{"embeddable":true,"href":"https:\/\/fredich.com\/index.php\/wp-json\/wp\/v2\/comments?post=2146"}],"version-history":[{"count":2,"href":"https:\/\/fredich.com\/index.php\/wp-json\/wp\/v2\/product\/2146\/revisions"}],"predecessor-version":[{"id":2148,"href":"https:\/\/fredich.com\/index.php\/wp-json\/wp\/v2\/product\/2146\/revisions\/2148"}],"wp:featuredmedia":[{"embeddable":true,"href":"https:\/\/fredich.com\/index.php\/wp-json\/wp\/v2\/media\/1976"}],"wp:attachment":[{"href":"https:\/\/fredich.com\/index.php\/wp-json\/wp\/v2\/media?parent=2146"}],"wp:term":[{"taxonomy":"product_cat","embeddable":true,"href":"https:\/\/fredich.com\/index.php\/wp-json\/wp\/v2\/product_cat?post=2146"},{"taxonomy":"product_tag","embeddable":true,"href":"https:\/\/fredich.com\/index.php\/wp-json\/wp\/v2\/product_tag?post=2146"}],"curies":[{"name":"wp","href":"https:\/\/api.w.org\/{rel}","templated":true}]}}