{"id":2151,"date":"2023-10-13T11:16:56","date_gmt":"2023-10-13T16:16:56","guid":{"rendered":"https:\/\/fredich.com\/?post_type=product&#038;p=2151"},"modified":"2023-10-13T16:51:07","modified_gmt":"2023-10-13T21:51:07","slug":"generador-1-kw","status":"publish","type":"product","link":"https:\/\/fredich.com\/index.php\/producto\/generador-1-kw\/","title":{"rendered":"Generador 1 KW"},"content":{"rendered":"<p><strong>Frecuencia nominal (Hz):<\/strong> La frecuencia nominal de este generador es de 60 Hz. Esta frecuencia est\u00e1ndar asegura un suministro el\u00e9ctrico constante y es adecuada para la mayor\u00eda de las aplicaciones dom\u00e9sticas y comerciales.<\/p>\n<p><strong>Voltaje nominal (V):<\/strong> El voltaje nominal de este generador es de 230V, lo que lo hace adecuado para alimentar la mayor\u00eda de los electrodom\u00e9sticos y dispositivos en un hogar o negocio.<\/p>\n<p><strong>Corriente m\u00e1xima:<\/strong> El generador puede proporcionar una corriente m\u00e1xima de 4.3 A (amperios) en condiciones normales y 5.2 A en condiciones de carga m\u00e1xima. Esto permite alimentar una variedad de equipos y dispositivos.<\/p>\n<p><strong>Potencia nominal\/Potencia m\u00e1xima:<\/strong> La potencia nominal es de 1.0 kW, mientras que la potencia m\u00e1xima es de 1.2 kW. Esto significa que el generador puede suministrar una potencia constante de 1.0 kW, con la capacidad de manejar cargas moment\u00e1neas m\u00e1s altas de hasta 1.2 kW.<\/p>\n<p><strong>Tipo de salida (CA\/CC):<\/strong> El generador produce una salida de corriente alterna (CA), que es la forma de electricidad que se utiliza en la mayor\u00eda de las aplicaciones el\u00e9ctricas en hogares y negocios.<\/p>\n<p><strong>Fase:<\/strong> Este generador es monof\u00e1sico, lo que significa que proporciona una \u00fanica fase de corriente alterna. Es adecuado para aplicaciones est\u00e1ndar en entornos dom\u00e9sticos y comerciales.<\/p>\n<p><strong>Regulaci\u00f3n de voltaje:<\/strong> El generador est\u00e1 equipado con un regulador autom\u00e1tico de voltaje (AVR), lo que garantiza un suministro de energ\u00eda el\u00e9ctrica estable y constante, protegiendo los dispositivos conectados.<\/p>\n<p><strong>Factor de potencia (cos\u03b8):<\/strong> El factor de potencia es de 1.0, lo que indica que la potencia activa y reactiva est\u00e1n en fase y se utiliza la energ\u00eda de manera eficiente.<\/p>\n<p><strong>Tipo:<\/strong> El generador est\u00e1 equipado con un motor de un solo cilindro, 4 tiempos, con doble \u00e1rbol de levas en cabeza (DOHC). Este tipo de motor es eficiente y confiable.<\/p>\n<p><strong>Sistema de suministro de combustible:<\/strong> Utiliza un carburador para la mezcla y suministro de combustible al motor.<\/p>\n<p><strong>Relaci\u00f3n de compresi\u00f3n:<\/strong> La relaci\u00f3n de compresi\u00f3n del motor es de 5:6:1, lo que afecta la eficiencia y el rendimiento del motor.<\/p>\n<p><strong>Di\u00e1metro x Carrera:<\/strong> El motor tiene un di\u00e1metro de 56 mm y una carrera de 46 mm, lo que determina la capacidad de desplazamiento y la eficiencia del motor.<\/p>\n<p><strong>Desplazamiento:<\/strong> La capacidad de desplazamiento del motor es de 97 CC, lo que indica la cantidad de aire y combustible que el motor puede aspirar en cada ciclo.<\/p>\n<p><strong>Potencia m\u00e1xima de salida:<\/strong> El generador puede producir una potencia m\u00e1xima de 1.5 kW a 3600 revoluciones por minuto (rpm).<\/p>\n<p><strong>Sistema de encendido:<\/strong> Utiliza un sistema de arranque de retroceso (Recoil) para poner en marcha el motor.<\/p>\n<p><strong>Capacidad del tanque de combustible\/Capacidad de aceite:<\/strong> El tanque de combustible tiene una capacidad de 7.0 litros, mientras que la capacidad de aceite es de 0.4 litros.<\/p>\n<p><strong>Nivel de ruido:<\/strong> El generador produce un nivel de ruido de 65 dB a una distancia de 7 metros. Esto es relevante si se necesita un funcionamiento silencioso.<\/p>\n<p><strong>Horas de funcionamiento continuo:<\/strong> El generador es capaz de funcionar de manera continua durante 10 horas, lo que es \u00fatil para situaciones de emergencia o para mantener la energ\u00eda en aplicaciones espec\u00edficas durante un tiempo prolongado.<\/p>\n<p><strong>Alerta de aceite:<\/strong> Cuenta con una alerta de bajo nivel de aceite que protege el motor de posibles da\u00f1os.<\/p>\n<p><strong>Consumo de combustible:<\/strong> El consumo de combustible es de \u2264 450 g\/kW * h, lo que indica la eficiencia en la conversi\u00f3n de combustible en energ\u00eda el\u00e9ctrica.<\/p>\n<p><strong>Modo de arranque:<\/strong> Puede arrancarse el\u00e9ctricamente, lo que facilita la puesta en marcha sin necesidad de arranque manual.<\/p>\n<p><strong>Peso neto\/Peso bruto (kg):<\/strong> El peso neto del generador es de 26.0 kg, mientras que el peso bruto, que incluye el embalaje, es de 27.0 kg. Estas cifras son relevantes para el transporte y la manipulaci\u00f3n del generador.<\/p>\n<p><strong>Dimensiones (LxAnxAl mm):<\/strong> El generador tiene dimensiones de 480 mm de largo, 470 mm de ancho y 405 mm de alto. Estas dimensiones son importantes para la instalaci\u00f3n y el espacio necesario para su funcionamiento.<\/p>\n<p><strong>Tama\u00f1o del paquete (LxAnxAl mm):<\/strong> El paquete del generador tiene dimensiones de 510 mm de largo, 380 mm de ancho y 425 mm de alto, lo que facilita su transporte y almacenamiento cuando no est\u00e1 en uso.<\/p>\n","protected":false},"excerpt":{"rendered":"<ul>\n<li><strong>Frecuencia nominal (Hz):<\/strong> 60<\/li>\n<li><strong>Voltaje nominal (V):<\/strong> 230V<\/li>\n<li><strong>Corriente m\u00e1xima:<\/strong> 4.3\/5.2 A<\/li>\n<li><strong>Potencia nominal\/Potencia m\u00e1xima<\/strong>: 1.0\/1.2 kW<\/li>\n<li><strong>Tipo de salida (CA\/CC):<\/strong> CA<\/li>\n<li><strong>Fase:<\/strong> Monof\u00e1sica<\/li>\n<li><strong>Regulaci\u00f3n de voltaje:<\/strong> AVR (Regulador Autom\u00e1tico de Voltaje)<\/li>\n<li><strong>Factor de potencia (cos\u03b8):<\/strong> 1.0<\/li>\n<li><strong>Tipo:<\/strong> Motor de un solo cilindro, 4 tiempos, DOHV (Doble \u00c1rbol de Levas en Cabeza)<\/li>\n<li><strong>Sistema de suministro de combustible:<\/strong> Carburador<\/li>\n<li><strong>Relaci\u00f3n de compresi\u00f3n:<\/strong> 5:6:1<\/li>\n<li><strong>Di\u00e1metro x Carrera:<\/strong> 56 x 46 mm<\/li>\n<li><strong>Desplazamiento:<\/strong> 97 CC (Cent\u00edmetros C\u00fabicos)<\/li>\n<li><strong>Potencia m\u00e1xima de salida:<\/strong> 1.5\/3600 kW\/rpm<\/li>\n<li><strong>Sistema de encendido:<\/strong> Arranque de retroceso (Recoil)<\/li>\n<li><strong>Capacidad del tanque de combustible\/Capacidad de aceite:<\/strong> 7.0\/0.4 L (Litros)<\/li>\n<li><strong>Nivel de ruido:<\/strong> 65 dB a 7 metros de distancia<\/li>\n<li><strong>Horas de funcionamiento continuo:<\/strong> 10 horas<\/li>\n<li><strong>Alerta de aceite:<\/strong> Alerta de bajo nivel de aceite<\/li>\n<li><strong>Consumo de combustible:<\/strong> \u2264 450 g\/kW * h (gramos por kilovatio-hora)<\/li>\n<li><strong>Modo de arranque:<\/strong> Arranque el\u00e9ctrico<\/li>\n<li><strong>Peso neto\/Peso bruto (kg):<\/strong> 26.0\/27.0 kg<\/li>\n<li><strong>Dimensiones (LxAnxAl mm):<\/strong> 480 x 470 x 405 mm<\/li>\n<li><strong>Tama\u00f1o del paquete (LxAnxAl mm):<\/strong> 510 x 380 x 425 mm<\/li>\n<\/ul>\n","protected":false},"featured_media":2152,"comment_status":"open","ping_status":"closed","template":"","meta":{"site-sidebar-layout":"default","site-content-layout":"","ast-site-content-layout":"default","site-content-style":"default","site-sidebar-style":"default","ast-global-header-display":"","ast-banner-title-visibility":"","ast-main-header-display":"","ast-hfb-above-header-display":"","ast-hfb-below-header-display":"","ast-hfb-mobile-header-display":"","site-post-title":"","ast-breadcrumbs-content":"","ast-featured-img":"","footer-sml-layout":"","theme-transparent-header-meta":"default","adv-header-id-meta":"","stick-header-meta":"","header-above-stick-meta":"","header-main-stick-meta":"","header-below-stick-meta":"","astra-migrate-meta-layouts":"set"},"product_cat":[22,70,40,53,65,145,84,107,133],"product_tag":[],"yoast_head":"<!-- This site is optimized with the Yoast SEO plugin v20.13 - https:\/\/yoast.com\/wordpress\/plugins\/seo\/ -->\n<title>Generador 1 KW - fredich<\/title>\n<meta name=\"description\" content=\"Frecuencia nominal (Hz): 60Voltaje nominal (V): 230VCorriente m\u00e1xima: 4.3\/5.2 APotencia nominal\/Potencia m\u00e1xima: 1.0\/1.2 kWTipo de salida (CA\/CC): CAFase: Monof\u00e1sicaRegulaci\u00f3n de voltaje: AVR (Regulador Autom\u00e1tico de Voltaje)Factor de potencia (cos\u03b8): 1.0Tipo: Motor de un solo cilindro, 4 tiempos, DOHV (Doble \u00c1rbol de Levas en Cabeza)Sistema de suministro de combustible: CarburadorRelaci\u00f3n de compresi\u00f3n: 5:6:1Di\u00e1metro x Carrera: 56 x 46 mmDesplazamiento: 97 CC (Cent\u00edmetros C\u00fabicos)Potencia m\u00e1xima de salida: 1.5\/3600 kW\/rpmSistema de encendido: Arranque de retroceso (Recoil)Capacidad del tanque de combustible\/Capacidad de aceite: 7.0\/0.4 L (Litros)Nivel de ruido: 65 dB a 7 metros de distanciaHoras de funcionamiento continuo: 10 horasAlerta de aceite: Alerta de bajo nivel de aceiteConsumo de combustible: \u2264 450 g\/kW * h (gramos por kilovatio-hora)Modo de arranque: Arranque el\u00e9ctricoPeso neto\/Peso bruto (kg): 26.0\/27.0 kgDimensiones (LxAnxAl mm): 480 x 470 x 405 mmTama\u00f1o del paquete (LxAnxAl mm): 510 x 380 x 425 mm\" \/>\n<meta name=\"robots\" content=\"index, follow, max-snippet:-1, max-image-preview:large, max-video-preview:-1\" \/>\n<link rel=\"canonical\" href=\"https:\/\/fredich.com\/index.php\/producto\/generador-1-kw\/\" \/>\n<meta property=\"og:locale\" content=\"es_ES\" \/>\n<meta property=\"og:type\" content=\"article\" \/>\n<meta property=\"og:title\" content=\"Generador 1 KW - fredich\" \/>\n<meta property=\"og:description\" content=\"Frecuencia nominal (Hz): 60Voltaje nominal (V): 230VCorriente m\u00e1xima: 4.3\/5.2 APotencia nominal\/Potencia m\u00e1xima: 1.0\/1.2 kWTipo de salida (CA\/CC): CAFase: Monof\u00e1sicaRegulaci\u00f3n de voltaje: AVR (Regulador Autom\u00e1tico de Voltaje)Factor de potencia (cos\u03b8): 1.0Tipo: Motor de un solo cilindro, 4 tiempos, DOHV (Doble \u00c1rbol de Levas en Cabeza)Sistema de suministro de combustible: CarburadorRelaci\u00f3n de compresi\u00f3n: 5:6:1Di\u00e1metro x Carrera: 56 x 46 mmDesplazamiento: 97 CC (Cent\u00edmetros C\u00fabicos)Potencia m\u00e1xima de salida: 1.5\/3600 kW\/rpmSistema de encendido: Arranque de retroceso (Recoil)Capacidad del tanque de combustible\/Capacidad de aceite: 7.0\/0.4 L (Litros)Nivel de ruido: 65 dB a 7 metros de distanciaHoras de funcionamiento continuo: 10 horasAlerta de aceite: Alerta de bajo nivel de aceiteConsumo de combustible: \u2264 450 g\/kW * h (gramos por kilovatio-hora)Modo de arranque: Arranque el\u00e9ctricoPeso neto\/Peso bruto (kg): 26.0\/27.0 kgDimensiones (LxAnxAl mm): 480 x 470 x 405 mmTama\u00f1o del paquete (LxAnxAl mm): 510 x 380 x 425 mm\" \/>\n<meta property=\"og:url\" content=\"https:\/\/fredich.com\/index.php\/producto\/generador-1-kw\/\" \/>\n<meta property=\"og:site_name\" content=\"fredich\" \/>\n<meta property=\"article:modified_time\" content=\"2023-10-13T21:51:07+00:00\" \/>\n<meta property=\"og:image\" content=\"https:\/\/fredich.com\/wp-content\/uploads\/2023\/10\/36.png\" \/>\n\t<meta property=\"og:image:width\" content=\"1200\" \/>\n\t<meta property=\"og:image:height\" content=\"1200\" \/>\n\t<meta property=\"og:image:type\" content=\"image\/png\" \/>\n<meta name=\"twitter:card\" content=\"summary_large_image\" \/>\n<meta name=\"twitter:label1\" content=\"Tiempo de lectura\" \/>\n\t<meta name=\"twitter:data1\" content=\"4 minutos\" \/>\n<script type=\"application\/ld+json\" class=\"yoast-schema-graph\">{\"@context\":\"https:\/\/schema.org\",\"@graph\":[{\"@type\":\"WebPage\",\"@id\":\"https:\/\/fredich.com\/index.php\/producto\/generador-1-kw\/\",\"url\":\"https:\/\/fredich.com\/index.php\/producto\/generador-1-kw\/\",\"name\":\"Generador 1 KW - fredich\",\"isPartOf\":{\"@id\":\"https:\/\/fredich.com\/#website\"},\"datePublished\":\"2023-10-13T16:16:56+00:00\",\"dateModified\":\"2023-10-13T21:51:07+00:00\",\"description\":\"Frecuencia nominal (Hz): 60Voltaje nominal (V): 230VCorriente m\u00e1xima: 4.3\/5.2 APotencia nominal\/Potencia m\u00e1xima: 1.0\/1.2 kWTipo de salida (CA\/CC): CAFase: Monof\u00e1sicaRegulaci\u00f3n de voltaje: AVR (Regulador Autom\u00e1tico de Voltaje)Factor de potencia (cos\u03b8): 1.0Tipo: Motor de un solo cilindro, 4 tiempos, DOHV (Doble \u00c1rbol de Levas en Cabeza)Sistema de suministro de combustible: CarburadorRelaci\u00f3n de compresi\u00f3n: 5:6:1Di\u00e1metro x Carrera: 56 x 46 mmDesplazamiento: 97 CC (Cent\u00edmetros C\u00fabicos)Potencia m\u00e1xima de salida: 1.5\/3600 kW\/rpmSistema de encendido: Arranque de retroceso (Recoil)Capacidad del tanque de combustible\/Capacidad de aceite: 7.0\/0.4 L (Litros)Nivel de ruido: 65 dB a 7 metros de distanciaHoras de funcionamiento continuo: 10 horasAlerta de aceite: Alerta de bajo nivel de aceiteConsumo de combustible: \u2264 450 g\/kW * h (gramos por kilovatio-hora)Modo de arranque: Arranque el\u00e9ctricoPeso neto\/Peso bruto (kg): 26.0\/27.0 kgDimensiones (LxAnxAl mm): 480 x 470 x 405 mmTama\u00f1o del paquete (LxAnxAl mm): 510 x 380 x 425 mm\",\"breadcrumb\":{\"@id\":\"https:\/\/fredich.com\/index.php\/producto\/generador-1-kw\/#breadcrumb\"},\"inLanguage\":\"es\",\"potentialAction\":[{\"@type\":\"ReadAction\",\"target\":[\"https:\/\/fredich.com\/index.php\/producto\/generador-1-kw\/\"]}]},{\"@type\":\"BreadcrumbList\",\"@id\":\"https:\/\/fredich.com\/index.php\/producto\/generador-1-kw\/#breadcrumb\",\"itemListElement\":[{\"@type\":\"ListItem\",\"position\":1,\"name\":\"Portada\",\"item\":\"https:\/\/fredich.com\/\"},{\"@type\":\"ListItem\",\"position\":2,\"name\":\"Tienda\",\"item\":\"https:\/\/fredich.com\/index.php\/tienda\/\"},{\"@type\":\"ListItem\",\"position\":3,\"name\":\"Generador 1 KW\"}]},{\"@type\":\"WebSite\",\"@id\":\"https:\/\/fredich.com\/#website\",\"url\":\"https:\/\/fredich.com\/\",\"name\":\"fredich\",\"description\":\"Calidad alemana a tu alcance\",\"publisher\":{\"@id\":\"https:\/\/fredich.com\/#organization\"},\"potentialAction\":[{\"@type\":\"SearchAction\",\"target\":{\"@type\":\"EntryPoint\",\"urlTemplate\":\"https:\/\/fredich.com\/?s={search_term_string}\"},\"query-input\":\"required name=search_term_string\"}],\"inLanguage\":\"es\"},{\"@type\":\"Organization\",\"@id\":\"https:\/\/fredich.com\/#organization\",\"name\":\"fredich\",\"url\":\"https:\/\/fredich.com\/\",\"logo\":{\"@type\":\"ImageObject\",\"inLanguage\":\"es\",\"@id\":\"https:\/\/fredich.com\/#\/schema\/logo\/image\/\",\"url\":\"https:\/\/fredich.com\/wp-content\/uploads\/2023\/09\/cropped-Recurso-1@2x-1.png\",\"contentUrl\":\"https:\/\/fredich.com\/wp-content\/uploads\/2023\/09\/cropped-Recurso-1@2x-1.png\",\"width\":339,\"height\":129,\"caption\":\"fredich\"},\"image\":{\"@id\":\"https:\/\/fredich.com\/#\/schema\/logo\/image\/\"}}]}<\/script>\n<!-- \/ Yoast SEO plugin. -->","yoast_head_json":{"title":"Generador 1 KW - fredich","description":"Frecuencia nominal (Hz): 60Voltaje nominal (V): 230VCorriente m\u00e1xima: 4.3\/5.2 APotencia nominal\/Potencia m\u00e1xima: 1.0\/1.2 kWTipo de salida (CA\/CC): CAFase: Monof\u00e1sicaRegulaci\u00f3n de voltaje: AVR (Regulador Autom\u00e1tico de Voltaje)Factor de potencia (cos\u03b8): 1.0Tipo: Motor de un solo cilindro, 4 tiempos, DOHV (Doble \u00c1rbol de Levas en Cabeza)Sistema de suministro de combustible: CarburadorRelaci\u00f3n de compresi\u00f3n: 5:6:1Di\u00e1metro x Carrera: 56 x 46 mmDesplazamiento: 97 CC (Cent\u00edmetros C\u00fabicos)Potencia m\u00e1xima de salida: 1.5\/3600 kW\/rpmSistema de encendido: Arranque de retroceso (Recoil)Capacidad del tanque de combustible\/Capacidad de aceite: 7.0\/0.4 L (Litros)Nivel de ruido: 65 dB a 7 metros de distanciaHoras de funcionamiento continuo: 10 horasAlerta de aceite: Alerta de bajo nivel de aceiteConsumo de combustible: \u2264 450 g\/kW * h (gramos por kilovatio-hora)Modo de arranque: Arranque el\u00e9ctricoPeso neto\/Peso bruto (kg): 26.0\/27.0 kgDimensiones (LxAnxAl mm): 480 x 470 x 405 mmTama\u00f1o del paquete (LxAnxAl mm): 510 x 380 x 425 mm","robots":{"index":"index","follow":"follow","max-snippet":"max-snippet:-1","max-image-preview":"max-image-preview:large","max-video-preview":"max-video-preview:-1"},"canonical":"https:\/\/fredich.com\/index.php\/producto\/generador-1-kw\/","og_locale":"es_ES","og_type":"article","og_title":"Generador 1 KW - fredich","og_description":"Frecuencia nominal (Hz): 60Voltaje nominal (V): 230VCorriente m\u00e1xima: 4.3\/5.2 APotencia nominal\/Potencia m\u00e1xima: 1.0\/1.2 kWTipo de salida (CA\/CC): CAFase: Monof\u00e1sicaRegulaci\u00f3n de voltaje: AVR (Regulador Autom\u00e1tico de Voltaje)Factor de potencia (cos\u03b8): 1.0Tipo: Motor de un solo cilindro, 4 tiempos, DOHV (Doble \u00c1rbol de Levas en Cabeza)Sistema de suministro de combustible: CarburadorRelaci\u00f3n de compresi\u00f3n: 5:6:1Di\u00e1metro x Carrera: 56 x 46 mmDesplazamiento: 97 CC (Cent\u00edmetros C\u00fabicos)Potencia m\u00e1xima de salida: 1.5\/3600 kW\/rpmSistema de encendido: Arranque de retroceso (Recoil)Capacidad del tanque de combustible\/Capacidad de aceite: 7.0\/0.4 L (Litros)Nivel de ruido: 65 dB a 7 metros de distanciaHoras de funcionamiento continuo: 10 horasAlerta de aceite: Alerta de bajo nivel de aceiteConsumo de combustible: \u2264 450 g\/kW * h (gramos por kilovatio-hora)Modo de arranque: Arranque el\u00e9ctricoPeso neto\/Peso bruto (kg): 26.0\/27.0 kgDimensiones (LxAnxAl mm): 480 x 470 x 405 mmTama\u00f1o del paquete (LxAnxAl mm): 510 x 380 x 425 mm","og_url":"https:\/\/fredich.com\/index.php\/producto\/generador-1-kw\/","og_site_name":"fredich","article_modified_time":"2023-10-13T21:51:07+00:00","og_image":[{"width":1200,"height":1200,"url":"https:\/\/fredich.com\/wp-content\/uploads\/2023\/10\/36.png","type":"image\/png"}],"twitter_card":"summary_large_image","twitter_misc":{"Tiempo de lectura":"4 minutos"},"schema":{"@context":"https:\/\/schema.org","@graph":[{"@type":"WebPage","@id":"https:\/\/fredich.com\/index.php\/producto\/generador-1-kw\/","url":"https:\/\/fredich.com\/index.php\/producto\/generador-1-kw\/","name":"Generador 1 KW - fredich","isPartOf":{"@id":"https:\/\/fredich.com\/#website"},"datePublished":"2023-10-13T16:16:56+00:00","dateModified":"2023-10-13T21:51:07+00:00","description":"Frecuencia nominal (Hz): 60Voltaje nominal (V): 230VCorriente m\u00e1xima: 4.3\/5.2 APotencia nominal\/Potencia m\u00e1xima: 1.0\/1.2 kWTipo de salida (CA\/CC): CAFase: Monof\u00e1sicaRegulaci\u00f3n de voltaje: AVR (Regulador Autom\u00e1tico de Voltaje)Factor de potencia (cos\u03b8): 1.0Tipo: Motor de un solo cilindro, 4 tiempos, DOHV (Doble \u00c1rbol de Levas en Cabeza)Sistema de suministro de combustible: CarburadorRelaci\u00f3n de compresi\u00f3n: 5:6:1Di\u00e1metro x Carrera: 56 x 46 mmDesplazamiento: 97 CC (Cent\u00edmetros C\u00fabicos)Potencia m\u00e1xima de salida: 1.5\/3600 kW\/rpmSistema de encendido: Arranque de retroceso (Recoil)Capacidad del tanque de combustible\/Capacidad de aceite: 7.0\/0.4 L (Litros)Nivel de ruido: 65 dB a 7 metros de distanciaHoras de funcionamiento continuo: 10 horasAlerta de aceite: Alerta de bajo nivel de aceiteConsumo de combustible: \u2264 450 g\/kW * h (gramos por kilovatio-hora)Modo de arranque: Arranque el\u00e9ctricoPeso neto\/Peso bruto (kg): 26.0\/27.0 kgDimensiones (LxAnxAl mm): 480 x 470 x 405 mmTama\u00f1o del paquete (LxAnxAl mm): 510 x 380 x 425 mm","breadcrumb":{"@id":"https:\/\/fredich.com\/index.php\/producto\/generador-1-kw\/#breadcrumb"},"inLanguage":"es","potentialAction":[{"@type":"ReadAction","target":["https:\/\/fredich.com\/index.php\/producto\/generador-1-kw\/"]}]},{"@type":"BreadcrumbList","@id":"https:\/\/fredich.com\/index.php\/producto\/generador-1-kw\/#breadcrumb","itemListElement":[{"@type":"ListItem","position":1,"name":"Portada","item":"https:\/\/fredich.com\/"},{"@type":"ListItem","position":2,"name":"Tienda","item":"https:\/\/fredich.com\/index.php\/tienda\/"},{"@type":"ListItem","position":3,"name":"Generador 1 KW"}]},{"@type":"WebSite","@id":"https:\/\/fredich.com\/#website","url":"https:\/\/fredich.com\/","name":"fredich","description":"Calidad alemana a tu alcance","publisher":{"@id":"https:\/\/fredich.com\/#organization"},"potentialAction":[{"@type":"SearchAction","target":{"@type":"EntryPoint","urlTemplate":"https:\/\/fredich.com\/?s={search_term_string}"},"query-input":"required name=search_term_string"}],"inLanguage":"es"},{"@type":"Organization","@id":"https:\/\/fredich.com\/#organization","name":"fredich","url":"https:\/\/fredich.com\/","logo":{"@type":"ImageObject","inLanguage":"es","@id":"https:\/\/fredich.com\/#\/schema\/logo\/image\/","url":"https:\/\/fredich.com\/wp-content\/uploads\/2023\/09\/cropped-Recurso-1@2x-1.png","contentUrl":"https:\/\/fredich.com\/wp-content\/uploads\/2023\/09\/cropped-Recurso-1@2x-1.png","width":339,"height":129,"caption":"fredich"},"image":{"@id":"https:\/\/fredich.com\/#\/schema\/logo\/image\/"}}]}},"_links":{"self":[{"href":"https:\/\/fredich.com\/index.php\/wp-json\/wp\/v2\/product\/2151"}],"collection":[{"href":"https:\/\/fredich.com\/index.php\/wp-json\/wp\/v2\/product"}],"about":[{"href":"https:\/\/fredich.com\/index.php\/wp-json\/wp\/v2\/types\/product"}],"replies":[{"embeddable":true,"href":"https:\/\/fredich.com\/index.php\/wp-json\/wp\/v2\/comments?post=2151"}],"version-history":[{"count":1,"href":"https:\/\/fredich.com\/index.php\/wp-json\/wp\/v2\/product\/2151\/revisions"}],"predecessor-version":[{"id":2153,"href":"https:\/\/fredich.com\/index.php\/wp-json\/wp\/v2\/product\/2151\/revisions\/2153"}],"wp:featuredmedia":[{"embeddable":true,"href":"https:\/\/fredich.com\/index.php\/wp-json\/wp\/v2\/media\/2152"}],"wp:attachment":[{"href":"https:\/\/fredich.com\/index.php\/wp-json\/wp\/v2\/media?parent=2151"}],"wp:term":[{"taxonomy":"product_cat","embeddable":true,"href":"https:\/\/fredich.com\/index.php\/wp-json\/wp\/v2\/product_cat?post=2151"},{"taxonomy":"product_tag","embeddable":true,"href":"https:\/\/fredich.com\/index.php\/wp-json\/wp\/v2\/product_tag?post=2151"}],"curies":[{"name":"wp","href":"https:\/\/api.w.org\/{rel}","templated":true}]}}